{"id":18,"date":"2013-10-22T11:14:42","date_gmt":"2013-10-22T09:14:42","guid":{"rendered":"http:\/\/kbiedrzycki.pl\/klienci\/kancelaria\/wordpress\/?page_id=18"},"modified":"2020-02-05T00:17:26","modified_gmt":"2020-02-04T23:17:26","slug":"about","status":"publish","type":"page","link":"https:\/\/adwokatgb.pl\/en\/about\/","title":{"rendered":"About"},"content":{"rendered":"<p><strong>In the light of law we are all equal. To our firm each and every Client is equally important.<\/strong><\/p>\n<p>The firm, thanks to its cooperation with a group of professionals (tax advisors, sworn translators, public accountants, notaries) can offer a variety of additional services.<\/p>\n","protected":false},"excerpt":{"rendered":"<p>In the light of law we are all equal. To our firm each and every Client is equally important. The firm, thanks to its cooperation with a group of professionals (tax advisors, sworn translators, public accountants, notaries) can offer a variety of additional services.<\/p>\n","protected":false},"author":1,"featured_media":167,"parent":0,"menu_order":31,"comment_status":"open","ping_status":"closed","template":"view\/o-kancelarii.php","meta":{"_acf_changed":false,"footnotes":""},"class_list":["post-18","page","type-page","status-publish","has-post-thumbnail","hentry"],"acf":[],"yoast_head":"<!-- This site is optimized with the Yoast SEO plugin v23.5 - https:\/\/yoast.com\/wordpress\/plugins\/seo\/ -->\n<title>About &#171; Legal Office | divorces, family, criminal, and civil law<\/title>\n<meta name=\"description\" content=\"Kancelaria Adwokacka Aleksandry Gawin-B\u0142awat powsta\u0142a jako rezultat wieloletniej praktyki prawniczej pani Adwokat, w zakresie wsp\u00f3\u0142pracy z podmiotami gospodarczymi i osobami fizycznymi.\" \/>\n<meta name=\"robots\" content=\"index, follow, max-snippet:-1, max-image-preview:large, max-video-preview:-1\" \/>\n<link rel=\"canonical\" href=\"https:\/\/adwokatgb.pl\/en\/about\/\" \/>\n<script type=\"application\/ld+json\" class=\"yoast-schema-graph\">{\"@context\":\"https:\/\/schema.org\",\"@graph\":[{\"@type\":\"WebPage\",\"@id\":\"https:\/\/adwokatgb.pl\/en\/about\/\",\"url\":\"https:\/\/adwokatgb.pl\/en\/about\/\",\"name\":\"About &#171; Legal Office | divorces, family, criminal, and civil law\",\"isPartOf\":{\"@id\":\"https:\/\/adwokatgb.pl\/en\/#website\"},\"primaryImageOfPage\":{\"@id\":\"https:\/\/adwokatgb.pl\/en\/about\/#primaryimage\"},\"image\":{\"@id\":\"https:\/\/adwokatgb.pl\/en\/about\/#primaryimage\"},\"thumbnailUrl\":\"\",\"datePublished\":\"2013-10-22T09:14:42+00:00\",\"dateModified\":\"2020-02-04T23:17:26+00:00\",\"description\":\"Kancelaria Adwokacka Aleksandry Gawin-B\u0142awat powsta\u0142a jako rezultat wieloletniej praktyki prawniczej pani Adwokat, w zakresie wsp\u00f3\u0142pracy z podmiotami gospodarczymi i osobami fizycznymi.\",\"breadcrumb\":{\"@id\":\"https:\/\/adwokatgb.pl\/en\/about\/#breadcrumb\"},\"inLanguage\":\"en-GB\",\"potentialAction\":[{\"@type\":\"ReadAction\",\"target\":[\"https:\/\/adwokatgb.pl\/en\/about\/\"]}]},{\"@type\":\"ImageObject\",\"inLanguage\":\"en-GB\",\"@id\":\"https:\/\/adwokatgb.pl\/en\/about\/#primaryimage\",\"url\":\"\",\"contentUrl\":\"\"},{\"@type\":\"BreadcrumbList\",\"@id\":\"https:\/\/adwokatgb.pl\/en\/about\/#breadcrumb\",\"itemListElement\":[{\"@type\":\"ListItem\",\"position\":1,\"name\":\"Strona g\u0142\u00f3wna\",\"item\":\"https:\/\/adwokatgb.pl\/en\/\"},{\"@type\":\"ListItem\",\"position\":2,\"name\":\"About\"}]},{\"@type\":\"WebSite\",\"@id\":\"https:\/\/adwokatgb.pl\/en\/#website\",\"url\":\"https:\/\/adwokatgb.pl\/en\/\",\"name\":\"Legal Office | divorces, family, criminal, and civil law\",\"description\":\"\",\"potentialAction\":[{\"@type\":\"SearchAction\",\"target\":{\"@type\":\"EntryPoint\",\"urlTemplate\":\"https:\/\/adwokatgb.pl\/en\/?s={search_term_string}\"},\"query-input\":{\"@type\":\"PropertyValueSpecification\",\"valueRequired\":true,\"valueName\":\"search_term_string\"}}],\"inLanguage\":\"en-GB\"}]}<\/script>\n<!-- \/ Yoast SEO plugin. -->","yoast_head_json":{"title":"About &#171; Legal Office | divorces, family, criminal, and civil law","description":"Kancelaria Adwokacka Aleksandry Gawin-B\u0142awat powsta\u0142a jako rezultat wieloletniej praktyki prawniczej pani Adwokat, w zakresie wsp\u00f3\u0142pracy z podmiotami gospodarczymi i osobami fizycznymi.","robots":{"index":"index","follow":"follow","max-snippet":"max-snippet:-1","max-image-preview":"max-image-preview:large","max-video-preview":"max-video-preview:-1"},"canonical":"https:\/\/adwokatgb.pl\/en\/about\/","schema":{"@context":"https:\/\/schema.org","@graph":[{"@type":"WebPage","@id":"https:\/\/adwokatgb.pl\/en\/about\/","url":"https:\/\/adwokatgb.pl\/en\/about\/","name":"About &#171; Legal Office | divorces, family, criminal, and civil law","isPartOf":{"@id":"https:\/\/adwokatgb.pl\/en\/#website"},"primaryImageOfPage":{"@id":"https:\/\/adwokatgb.pl\/en\/about\/#primaryimage"},"image":{"@id":"https:\/\/adwokatgb.pl\/en\/about\/#primaryimage"},"thumbnailUrl":"","datePublished":"2013-10-22T09:14:42+00:00","dateModified":"2020-02-04T23:17:26+00:00","description":"Kancelaria Adwokacka Aleksandry Gawin-B\u0142awat powsta\u0142a jako rezultat wieloletniej praktyki prawniczej pani Adwokat, w zakresie wsp\u00f3\u0142pracy z podmiotami gospodarczymi i osobami fizycznymi.","breadcrumb":{"@id":"https:\/\/adwokatgb.pl\/en\/about\/#breadcrumb"},"inLanguage":"en-GB","potentialAction":[{"@type":"ReadAction","target":["https:\/\/adwokatgb.pl\/en\/about\/"]}]},{"@type":"ImageObject","inLanguage":"en-GB","@id":"https:\/\/adwokatgb.pl\/en\/about\/#primaryimage","url":"","contentUrl":""},{"@type":"BreadcrumbList","@id":"https:\/\/adwokatgb.pl\/en\/about\/#breadcrumb","itemListElement":[{"@type":"ListItem","position":1,"name":"Strona g\u0142\u00f3wna","item":"https:\/\/adwokatgb.pl\/en\/"},{"@type":"ListItem","position":2,"name":"About"}]},{"@type":"WebSite","@id":"https:\/\/adwokatgb.pl\/en\/#website","url":"https:\/\/adwokatgb.pl\/en\/","name":"Legal Office | divorces, family, criminal, and civil law","description":"","potentialAction":[{"@type":"SearchAction","target":{"@type":"EntryPoint","urlTemplate":"https:\/\/adwokatgb.pl\/en\/?s={search_term_string}"},"query-input":{"@type":"PropertyValueSpecification","valueRequired":true,"valueName":"search_term_string"}}],"inLanguage":"en-GB"}]}},"_links":{"self":[{"href":"https:\/\/adwokatgb.pl\/en\/wp-json\/wp\/v2\/pages\/18"}],"collection":[{"href":"https:\/\/adwokatgb.pl\/en\/wp-json\/wp\/v2\/pages"}],"about":[{"href":"https:\/\/adwokatgb.pl\/en\/wp-json\/wp\/v2\/types\/page"}],"author":[{"embeddable":true,"href":"https:\/\/adwokatgb.pl\/en\/wp-json\/wp\/v2\/users\/1"}],"replies":[{"embeddable":true,"href":"https:\/\/adwokatgb.pl\/en\/wp-json\/wp\/v2\/comments?post=18"}],"version-history":[{"count":4,"href":"https:\/\/adwokatgb.pl\/en\/wp-json\/wp\/v2\/pages\/18\/revisions"}],"predecessor-version":[{"id":1228,"href":"https:\/\/adwokatgb.pl\/en\/wp-json\/wp\/v2\/pages\/18\/revisions\/1228"}],"wp:featuredmedia":[{"embeddable":true,"href":"https:\/\/adwokatgb.pl\/en\/wp-json\/"}],"wp:attachment":[{"href":"https:\/\/adwokatgb.pl\/en\/wp-json\/wp\/v2\/media?parent=18"}],"curies":[{"name":"wp","href":"https:\/\/api.w.org\/{rel}","templated":true}]}}