{"id":666,"date":"2015-05-26T10:52:29","date_gmt":"2015-05-26T08:52:29","guid":{"rendered":"http:\/\/adwokatgb.pl\/?page_id=666"},"modified":"2020-02-05T00:23:28","modified_gmt":"2020-02-04T23:23:28","slug":"straf-und-ordnungswidrigkeitenrecht","status":"publish","type":"page","link":"https:\/\/adwokatgb.pl\/de\/dienstleistungen\/straf-und-ordnungswidrigkeitenrecht\/","title":{"rendered":"Straf- und Ordnungswidrigkeitenrecht"},"content":{"rendered":"<p>Die Rechtsanwaltskanzlei bietet eine professionelle Unterst\u00fctzung auf dem Gebiet Straf- und Ordnungswidrigkeitenrecht im folgenden Umfang an: Verteidigung des Angeklagten, Vertretung des Gesch\u00e4digten, Antr\u00e4ge auf Bew\u00e4hrungsma\u00dfnahmen (vorl\u00e4ufige Einstellung eines Strafverfahrens, Strafaussetzung zur Bew\u00e4hrung, Aussetzung des Strafrestes), Gesamtstrafe.<\/p>\n<p><strong>Jeder Gesch\u00e4digte kann eine Genugtuung oder eine Bestrafung des T\u00e4ters fordern. Jeder Angeklagte ist bis zum Urteil unschuldig. Wie sollte man das Gef\u00e4ngnis vermeiden oder die Strafe f\u00fcr eine Straftat oder ein Verbrechen auf das Minimum einschr\u00e4nken? Wie sollte man zur Verurteilung des T\u00e4ters f\u00fchren? Diese Fragen kann nur ein guter Anwalt beantworten.<\/strong><\/p>\n<p>Falls Sie irgendwann unschuldig angeklagt wurden oder eine Straftat begangen haben oder ernste Probleme mit dem Recht hatten, bieten wir Ihnen professionelle und zuverl\u00e4ssige Unterst\u00fctzung auf jeder Ebene an (sowohl vor der Einleitung eines offiziellen Verfahrens als auch w\u00e4hrend des Vorbereitungsverfahrens). Wir garantieren eine von unserem Rechtsanwalt detailliert durchdachte Verteidigungsstrategie, die dazu f\u00fchren sollte, dass das Gericht den Mandanten freispricht oder die m\u00f6glichst niedrige Strafe festsetzt oder ihn zu einer Strafe auf Bew\u00e4hrung verurteilt. Wir beraten auch, was man bei mehreren Verbrechen tun sollte, um keine Strafen f\u00fcr die einzelnen Verbrechen zu bekommen, und stattdessen eine mildere Gesamtstrafe zu erhalten.<\/p>\n<p>Gern vertreten wir das Interesse eines Gesch\u00e4digten im Strafprozess. Als Bevollm\u00e4chtigte des Gesch\u00e4digten helfen wir ihm, mithilfe eines Gerichtsurteils die Entsch\u00e4digung vom T\u00e4ter geltend zu machen oder zur Verurteilung des Schuldigen zu f\u00fchren. Wir bereiten uns detailliert auf die Gerichtsverhandlungen vor. Wir handeln dynamisch und k\u00f6nnen Kunden durch eine logische Zusammenstellung der Tatsachen und Schlussfolgerungen mit Offenheit gegen\u00fcber untypischen L\u00f6sungen \u00fcberraschen. So wie Sie w\u00fcnschen wir, dass der Gerechtigkeit Gen\u00fcge getan wird. Wir besch\u00e4ftigen uns mit folgenden Angelegenheiten: Eigentumsverbrechen, Verbrechen gegen die Gesundheit und das Leben, Sexualstraftaten, Verkehrs-, Steuer- und Wirtschaftsdelikte, Verbrechen, die mit Drogenbesitz oder \u2013handel verbunden sind, Behandlungsfehler.<\/p>\n<p><strong>Gem\u00e4\u00df den Vorschriften teilen wir Strafrecht in:<\/strong><\/p>\n<ul>\n<li>materielles Strafrecht (Verbrechen, strafrechtliche Verantwortung f\u00fcr ein begangenes Verbrechen, Strafmittel, Einwirkungsmittel),<\/li>\n<li>Verfahrensrecht (alle Gesetzvorschriften, die ein Verfahren regeln, das von Verfolgungsorganen in Bezug auf Straftaten gef\u00fchrt wird, Strafanzeigen),<\/li>\n<li>Vollstreckungsrecht (alle Vorschriften, die die Vollstreckung der Strafen und Entscheide in Strafsachen regeln).<\/li>\n<\/ul>\n<p>Es ist bemerkenswert, dass Straftaten, die von Minderj\u00e4hrigen begangen werden, nicht zu Angelegenheiten des Strafrechts geh\u00f6ren und keiner strafrechtlichen Verantwortung unterliegen.<\/p>\n<p>Obwohl unsere Kanzlei ihren Sitz in <strong>Krakau<\/strong> hat, bedeutet es nicht, dass wir Strafsachen ausschlie\u00dflich in dieser Stadt f\u00fchren. <strong>Wir sind in ganz Polen t\u00e4tig, mit der Priorit\u00e4t f\u00fcr den Krakauer Kreis.<\/strong><\/p>\n","protected":false},"excerpt":{"rendered":"<p>Die Rechtsanwaltskanzlei bietet eine professionelle Unterst\u00fctzung auf dem Gebiet Straf- und Ordnungswidrigkeitenrecht im folgenden Umfang an: Verteidigung des Angeklagten, Vertretung des Gesch\u00e4digten, Antr\u00e4ge auf Bew\u00e4hrungsma\u00dfnahmen (vorl\u00e4ufige Einstellung eines Strafverfahrens, Strafaussetzung zur Bew\u00e4hrung, Aussetzung des Strafrestes), Gesamtstrafe. Jeder Gesch\u00e4digte kann eine Genugtuung oder eine Bestrafung des T\u00e4ters fordern. Jeder Angeklagte ist bis zum Urteil unschuldig. Wie [&hellip;]<\/p>\n","protected":false},"author":1,"featured_media":1206,"parent":21,"menu_order":23,"comment_status":"open","ping_status":"open","template":"view\/uslugi-single.php","meta":{"_acf_changed":false,"footnotes":""},"class_list":["post-666","page","type-page","status-publish","has-post-thumbnail","hentry"],"acf":[],"yoast_head":"<!-- This site is optimized with the Yoast SEO plugin v23.5 - https:\/\/yoast.com\/wordpress\/plugins\/seo\/ -->\n<title>Straf- und Ordnungswidrigkeitenrecht &#171; Rechtsanwaltskanzlei | Scheidungen, Familienrecht, Strafrecht, Zivilrecht<\/title>\n<meta name=\"description\" content=\"Kancelaria Adwokacka Aleksandry Gawin-B\u0142awat udziela profesjonalnego wsparcia z zakresu prawa karnego i wykrocze\u0144. Zapraszamy do biura naszej kancelarii w Krakowie.\" \/>\n<meta name=\"robots\" content=\"index, follow, max-snippet:-1, max-image-preview:large, max-video-preview:-1\" \/>\n<link rel=\"canonical\" href=\"https:\/\/adwokatgb.pl\/de\/dienstleistungen\/straf-und-ordnungswidrigkeitenrecht\/\" \/>\n<meta property=\"og:locale\" content=\"de_DE\" \/>\n<meta property=\"og:type\" content=\"article\" \/>\n<meta property=\"og:title\" content=\"Straf- und Ordnungswidrigkeitenrecht &#171; Rechtsanwaltskanzlei | Scheidungen, Familienrecht, Strafrecht, Zivilrecht\" \/>\n<meta property=\"og:description\" content=\"Kancelaria Adwokacka Aleksandry Gawin-B\u0142awat udziela profesjonalnego wsparcia z zakresu prawa karnego i wykrocze\u0144. Zapraszamy do biura naszej kancelarii w Krakowie.\" \/>\n<meta property=\"og:url\" content=\"https:\/\/adwokatgb.pl\/de\/dienstleistungen\/straf-und-ordnungswidrigkeitenrecht\/\" \/>\n<meta property=\"og:site_name\" content=\"Rechtsanwaltskanzlei | Scheidungen, Familienrecht, Strafrecht, Zivilrecht\" \/>\n<meta property=\"article:modified_time\" content=\"2020-02-04T23:23:28+00:00\" \/>\n<meta property=\"og:image\" content=\"https:\/\/adwokatgb.pl\/de\/wp-content\/uploads\/sites\/2\/2020\/01\/karne.png\" \/>\n\t<meta property=\"og:image:width\" content=\"188\" \/>\n\t<meta property=\"og:image:height\" content=\"188\" \/>\n\t<meta property=\"og:image:type\" content=\"image\/png\" \/>\n<meta name=\"twitter:card\" content=\"summary_large_image\" \/>\n<meta name=\"twitter:label1\" content=\"Gesch\u00e4tzte Lesezeit\" \/>\n\t<meta name=\"twitter:data1\" content=\"2\u00a0Minuten\" \/>\n<script type=\"application\/ld+json\" class=\"yoast-schema-graph\">{\"@context\":\"https:\/\/schema.org\",\"@graph\":[{\"@type\":\"WebPage\",\"@id\":\"https:\/\/adwokatgb.pl\/de\/dienstleistungen\/straf-und-ordnungswidrigkeitenrecht\/\",\"url\":\"https:\/\/adwokatgb.pl\/de\/dienstleistungen\/straf-und-ordnungswidrigkeitenrecht\/\",\"name\":\"Straf- und Ordnungswidrigkeitenrecht &#171; Rechtsanwaltskanzlei | Scheidungen, Familienrecht, Strafrecht, Zivilrecht\",\"isPartOf\":{\"@id\":\"https:\/\/adwokatgb.pl\/de\/#website\"},\"primaryImageOfPage\":{\"@id\":\"https:\/\/adwokatgb.pl\/de\/dienstleistungen\/straf-und-ordnungswidrigkeitenrecht\/#primaryimage\"},\"image\":{\"@id\":\"https:\/\/adwokatgb.pl\/de\/dienstleistungen\/straf-und-ordnungswidrigkeitenrecht\/#primaryimage\"},\"thumbnailUrl\":\"https:\/\/adwokatgb.pl\/de\/wp-content\/uploads\/sites\/2\/2020\/01\/karne.png\",\"datePublished\":\"2015-05-26T08:52:29+00:00\",\"dateModified\":\"2020-02-04T23:23:28+00:00\",\"description\":\"Kancelaria Adwokacka Aleksandry Gawin-B\u0142awat udziela profesjonalnego wsparcia z zakresu prawa karnego i wykrocze\u0144. Zapraszamy do biura naszej kancelarii w Krakowie.\",\"breadcrumb\":{\"@id\":\"https:\/\/adwokatgb.pl\/de\/dienstleistungen\/straf-und-ordnungswidrigkeitenrecht\/#breadcrumb\"},\"inLanguage\":\"de\",\"potentialAction\":[{\"@type\":\"ReadAction\",\"target\":[\"https:\/\/adwokatgb.pl\/de\/dienstleistungen\/straf-und-ordnungswidrigkeitenrecht\/\"]}]},{\"@type\":\"ImageObject\",\"inLanguage\":\"de\",\"@id\":\"https:\/\/adwokatgb.pl\/de\/dienstleistungen\/straf-und-ordnungswidrigkeitenrecht\/#primaryimage\",\"url\":\"https:\/\/adwokatgb.pl\/de\/wp-content\/uploads\/sites\/2\/2020\/01\/karne.png\",\"contentUrl\":\"https:\/\/adwokatgb.pl\/de\/wp-content\/uploads\/sites\/2\/2020\/01\/karne.png\",\"width\":188,\"height\":188},{\"@type\":\"BreadcrumbList\",\"@id\":\"https:\/\/adwokatgb.pl\/de\/dienstleistungen\/straf-und-ordnungswidrigkeitenrecht\/#breadcrumb\",\"itemListElement\":[{\"@type\":\"ListItem\",\"position\":1,\"name\":\"Strona g\u0142\u00f3wna\",\"item\":\"https:\/\/adwokatgb.pl\/de\/\"},{\"@type\":\"ListItem\",\"position\":2,\"name\":\"Dienstleistungen\",\"item\":\"https:\/\/adwokatgb.pl\/de\/dienstleistungen\/\"},{\"@type\":\"ListItem\",\"position\":3,\"name\":\"Straf- und Ordnungswidrigkeitenrecht\"}]},{\"@type\":\"WebSite\",\"@id\":\"https:\/\/adwokatgb.pl\/de\/#website\",\"url\":\"https:\/\/adwokatgb.pl\/de\/\",\"name\":\"Rechtsanwaltskanzlei | Scheidungen, Familienrecht, Strafrecht, Zivilrecht\",\"description\":\"\",\"potentialAction\":[{\"@type\":\"SearchAction\",\"target\":{\"@type\":\"EntryPoint\",\"urlTemplate\":\"https:\/\/adwokatgb.pl\/de\/?s={search_term_string}\"},\"query-input\":{\"@type\":\"PropertyValueSpecification\",\"valueRequired\":true,\"valueName\":\"search_term_string\"}}],\"inLanguage\":\"de\"}]}<\/script>\n<!-- \/ Yoast SEO plugin. -->","yoast_head_json":{"title":"Straf- und Ordnungswidrigkeitenrecht &#171; Rechtsanwaltskanzlei | Scheidungen, Familienrecht, Strafrecht, Zivilrecht","description":"Kancelaria Adwokacka Aleksandry Gawin-B\u0142awat udziela profesjonalnego wsparcia z zakresu prawa karnego i wykrocze\u0144. Zapraszamy do biura naszej kancelarii w Krakowie.","robots":{"index":"index","follow":"follow","max-snippet":"max-snippet:-1","max-image-preview":"max-image-preview:large","max-video-preview":"max-video-preview:-1"},"canonical":"https:\/\/adwokatgb.pl\/de\/dienstleistungen\/straf-und-ordnungswidrigkeitenrecht\/","og_locale":"de_DE","og_type":"article","og_title":"Straf- und Ordnungswidrigkeitenrecht &#171; Rechtsanwaltskanzlei | Scheidungen, Familienrecht, Strafrecht, Zivilrecht","og_description":"Kancelaria Adwokacka Aleksandry Gawin-B\u0142awat udziela profesjonalnego wsparcia z zakresu prawa karnego i wykrocze\u0144. Zapraszamy do biura naszej kancelarii w Krakowie.","og_url":"https:\/\/adwokatgb.pl\/de\/dienstleistungen\/straf-und-ordnungswidrigkeitenrecht\/","og_site_name":"Rechtsanwaltskanzlei | Scheidungen, Familienrecht, Strafrecht, Zivilrecht","article_modified_time":"2020-02-04T23:23:28+00:00","og_image":[{"width":188,"height":188,"url":"https:\/\/adwokatgb.pl\/de\/wp-content\/uploads\/sites\/2\/2020\/01\/karne.png","type":"image\/png"}],"twitter_card":"summary_large_image","twitter_misc":{"Gesch\u00e4tzte Lesezeit":"2\u00a0Minuten"},"schema":{"@context":"https:\/\/schema.org","@graph":[{"@type":"WebPage","@id":"https:\/\/adwokatgb.pl\/de\/dienstleistungen\/straf-und-ordnungswidrigkeitenrecht\/","url":"https:\/\/adwokatgb.pl\/de\/dienstleistungen\/straf-und-ordnungswidrigkeitenrecht\/","name":"Straf- und Ordnungswidrigkeitenrecht &#171; Rechtsanwaltskanzlei | Scheidungen, Familienrecht, Strafrecht, Zivilrecht","isPartOf":{"@id":"https:\/\/adwokatgb.pl\/de\/#website"},"primaryImageOfPage":{"@id":"https:\/\/adwokatgb.pl\/de\/dienstleistungen\/straf-und-ordnungswidrigkeitenrecht\/#primaryimage"},"image":{"@id":"https:\/\/adwokatgb.pl\/de\/dienstleistungen\/straf-und-ordnungswidrigkeitenrecht\/#primaryimage"},"thumbnailUrl":"https:\/\/adwokatgb.pl\/de\/wp-content\/uploads\/sites\/2\/2020\/01\/karne.png","datePublished":"2015-05-26T08:52:29+00:00","dateModified":"2020-02-04T23:23:28+00:00","description":"Kancelaria Adwokacka Aleksandry Gawin-B\u0142awat udziela profesjonalnego wsparcia z zakresu prawa karnego i wykrocze\u0144. Zapraszamy do biura naszej kancelarii w Krakowie.","breadcrumb":{"@id":"https:\/\/adwokatgb.pl\/de\/dienstleistungen\/straf-und-ordnungswidrigkeitenrecht\/#breadcrumb"},"inLanguage":"de","potentialAction":[{"@type":"ReadAction","target":["https:\/\/adwokatgb.pl\/de\/dienstleistungen\/straf-und-ordnungswidrigkeitenrecht\/"]}]},{"@type":"ImageObject","inLanguage":"de","@id":"https:\/\/adwokatgb.pl\/de\/dienstleistungen\/straf-und-ordnungswidrigkeitenrecht\/#primaryimage","url":"https:\/\/adwokatgb.pl\/de\/wp-content\/uploads\/sites\/2\/2020\/01\/karne.png","contentUrl":"https:\/\/adwokatgb.pl\/de\/wp-content\/uploads\/sites\/2\/2020\/01\/karne.png","width":188,"height":188},{"@type":"BreadcrumbList","@id":"https:\/\/adwokatgb.pl\/de\/dienstleistungen\/straf-und-ordnungswidrigkeitenrecht\/#breadcrumb","itemListElement":[{"@type":"ListItem","position":1,"name":"Strona g\u0142\u00f3wna","item":"https:\/\/adwokatgb.pl\/de\/"},{"@type":"ListItem","position":2,"name":"Dienstleistungen","item":"https:\/\/adwokatgb.pl\/de\/dienstleistungen\/"},{"@type":"ListItem","position":3,"name":"Straf- und Ordnungswidrigkeitenrecht"}]},{"@type":"WebSite","@id":"https:\/\/adwokatgb.pl\/de\/#website","url":"https:\/\/adwokatgb.pl\/de\/","name":"Rechtsanwaltskanzlei | Scheidungen, Familienrecht, Strafrecht, Zivilrecht","description":"","potentialAction":[{"@type":"SearchAction","target":{"@type":"EntryPoint","urlTemplate":"https:\/\/adwokatgb.pl\/de\/?s={search_term_string}"},"query-input":{"@type":"PropertyValueSpecification","valueRequired":true,"valueName":"search_term_string"}}],"inLanguage":"de"}]}},"_links":{"self":[{"href":"https:\/\/adwokatgb.pl\/de\/wp-json\/wp\/v2\/pages\/666"}],"collection":[{"href":"https:\/\/adwokatgb.pl\/de\/wp-json\/wp\/v2\/pages"}],"about":[{"href":"https:\/\/adwokatgb.pl\/de\/wp-json\/wp\/v2\/types\/page"}],"author":[{"embeddable":true,"href":"https:\/\/adwokatgb.pl\/de\/wp-json\/wp\/v2\/users\/1"}],"replies":[{"embeddable":true,"href":"https:\/\/adwokatgb.pl\/de\/wp-json\/wp\/v2\/comments?post=666"}],"version-history":[{"count":3,"href":"https:\/\/adwokatgb.pl\/de\/wp-json\/wp\/v2\/pages\/666\/revisions"}],"predecessor-version":[{"id":1211,"href":"https:\/\/adwokatgb.pl\/de\/wp-json\/wp\/v2\/pages\/666\/revisions\/1211"}],"up":[{"embeddable":true,"href":"https:\/\/adwokatgb.pl\/de\/wp-json\/wp\/v2\/pages\/21"}],"wp:featuredmedia":[{"embeddable":true,"href":"https:\/\/adwokatgb.pl\/de\/wp-json\/wp\/v2\/media\/1206"}],"wp:attachment":[{"href":"https:\/\/adwokatgb.pl\/de\/wp-json\/wp\/v2\/media?parent=666"}],"curies":[{"name":"wp","href":"https:\/\/api.w.org\/{rel}","templated":true}]}}