{"id":376,"date":"2014-04-24T19:40:25","date_gmt":"2014-04-24T17:40:25","guid":{"rendered":"http:\/\/adwokatgb.pl\/?page_id=376"},"modified":"2020-02-05T00:24:07","modified_gmt":"2020-02-04T23:24:07","slug":"abrechnungsformen","status":"publish","type":"page","link":"https:\/\/adwokatgb.pl\/de\/abrechnungsformen\/","title":{"rendered":"Abrechnungsformen"},"content":{"rendered":"<section class=\"about-us-paid-types\">\n<div class=\"container\">\n<h1 class=\"title text-right\">In der Zusammenarbeit sind wir flexibel<\/h1>\n<p>In unserer Kanzlei k\u00f6nnen Sie die g\u00fcnstigste Form der Zusammenarbeit w\u00e4hlen.<\/p>\n<p>Die Verg\u00fctung beruht auf folgenden Abrechnungen:<\/p>\n<ul class=\"grid\">\n<li class=\"type-1\"><strong>Pauschale<\/strong> \u2013 eine feste monatliche Verg\u00fctung f\u00fcr eine festgelegte Stundenanzahl, die vom Kunden in monatlichen Abst\u00e4nden genutzt werden kann. F\u00fcr Unternehmer, die permanent einer komplexen juristischen Bedienung bed\u00fcrfen. Diese g\u00fcnstige Form der Zusammenarbeit erm\u00f6glicht, alle Dienstleistungen der Kanzlei zu niedrigsten Preisen zu nutzen.<\/li>\n<li class=\"type-2\"><strong>Stundenverg\u00fctung<\/strong> \u2013 Verg\u00fctung, die aus dem Produkt des festgelegten Honorars und der Arbeitszeit besteht. F\u00fcr Firmen und nat\u00fcrliche Personen, die nur selten Rechtsberatung bed\u00fcrfen. Die Stundenverg\u00fctung betr\u00e4gt je nach Art und Umfang der T\u00e4tigkeiten ab 200 PLN netto.<\/li>\n<li class=\"type-3\"><strong>F\u00fcr eine T\u00e4tigkeit oder Angelegenheit<\/strong> \u2013 Verg\u00fctung f\u00fcr die Ausf\u00fchrung einer bestimmten T\u00e4tigkeit (Verfassung eines Gutachtens, Vertragsentwurfs, eines Schreibens) oder f\u00fcr die Wahrnehmung einer Rechtssache (Gerichtsverfahren), in H\u00f6he, die den Bed\u00fcrfnissen der Kunden entspricht.<\/li>\n<\/ul>\n<p>Da wir f\u00fcr das h\u00f6chste Niveau unserer Dienstleistungen sorgen, leisten wir rechtliche Hilfe nur dann, wenn der Kunde die v\u00f6llige und ununterbrochene Zug\u00e4nglichkeit angebotener Dienstleistungen garantieren kann. Wir legen einen gro\u00dfen Wert darauf, uns m\u00f6glichst gut an die Regeln und Bed\u00fcrfnisse der Korporationen, die f\u00fcr unsere Kunden geltend sind, anzupassen.<\/p>\n<\/div>\n<\/section>\n","protected":false},"excerpt":{"rendered":"<p>In der Zusammenarbeit sind wir flexibel In unserer Kanzlei k\u00f6nnen Sie die g\u00fcnstigste Form der Zusammenarbeit w\u00e4hlen. Die Verg\u00fctung beruht auf folgenden Abrechnungen: Pauschale \u2013 eine feste monatliche Verg\u00fctung f\u00fcr eine festgelegte Stundenanzahl, die vom Kunden in monatlichen Abst\u00e4nden genutzt werden kann. F\u00fcr Unternehmer, die permanent einer komplexen juristischen Bedienung bed\u00fcrfen. Diese g\u00fcnstige Form der [&hellip;]<\/p>\n","protected":false},"author":1,"featured_media":0,"parent":0,"menu_order":13,"comment_status":"open","ping_status":"open","template":"","meta":{"_acf_changed":false,"footnotes":""},"class_list":["post-376","page","type-page","status-publish","hentry"],"acf":[],"yoast_head":"<!-- This site is optimized with the Yoast SEO plugin v23.5 - https:\/\/yoast.com\/wordpress\/plugins\/seo\/ -->\n<title>Abrechnungsformen &#171; Rechtsanwaltskanzlei | Scheidungen, Familienrecht, Strafrecht, Zivilrecht<\/title>\n<meta name=\"description\" content=\"Porady prawne online to rozwi\u0105zanie dla wszystkich tych, kt\u00f3rzy ceni\u0105 sw\u00f3j czas i pieni\u0105dze. Skorzystaj z naszych us\u0142ug online lub odwied\u017a nas osobi\u015bcie w Krakowie.\" \/>\n<meta name=\"robots\" content=\"index, follow, max-snippet:-1, max-image-preview:large, max-video-preview:-1\" \/>\n<link rel=\"canonical\" href=\"https:\/\/adwokatgb.pl\/de\/abrechnungsformen\/\" \/>\n<meta property=\"og:locale\" content=\"de_DE\" \/>\n<meta property=\"og:type\" content=\"article\" \/>\n<meta property=\"og:title\" content=\"Abrechnungsformen &#171; Rechtsanwaltskanzlei | Scheidungen, Familienrecht, Strafrecht, Zivilrecht\" \/>\n<meta property=\"og:description\" content=\"Porady prawne online to rozwi\u0105zanie dla wszystkich tych, kt\u00f3rzy ceni\u0105 sw\u00f3j czas i pieni\u0105dze. Skorzystaj z naszych us\u0142ug online lub odwied\u017a nas osobi\u015bcie w Krakowie.\" \/>\n<meta property=\"og:url\" content=\"https:\/\/adwokatgb.pl\/de\/abrechnungsformen\/\" \/>\n<meta property=\"og:site_name\" content=\"Rechtsanwaltskanzlei | Scheidungen, Familienrecht, Strafrecht, Zivilrecht\" \/>\n<meta property=\"article:modified_time\" content=\"2020-02-04T23:24:07+00:00\" \/>\n<meta name=\"twitter:card\" content=\"summary_large_image\" \/>\n<meta name=\"twitter:label1\" content=\"Gesch\u00e4tzte Lesezeit\" \/>\n\t<meta name=\"twitter:data1\" content=\"1\u00a0Minute\" \/>\n<script type=\"application\/ld+json\" class=\"yoast-schema-graph\">{\"@context\":\"https:\/\/schema.org\",\"@graph\":[{\"@type\":\"WebPage\",\"@id\":\"https:\/\/adwokatgb.pl\/de\/abrechnungsformen\/\",\"url\":\"https:\/\/adwokatgb.pl\/de\/abrechnungsformen\/\",\"name\":\"Abrechnungsformen &#171; Rechtsanwaltskanzlei | Scheidungen, Familienrecht, Strafrecht, Zivilrecht\",\"isPartOf\":{\"@id\":\"https:\/\/adwokatgb.pl\/de\/#website\"},\"datePublished\":\"2014-04-24T17:40:25+00:00\",\"dateModified\":\"2020-02-04T23:24:07+00:00\",\"description\":\"Porady prawne online to rozwi\u0105zanie dla wszystkich tych, kt\u00f3rzy ceni\u0105 sw\u00f3j czas i pieni\u0105dze. Skorzystaj z naszych us\u0142ug online lub odwied\u017a nas osobi\u015bcie w Krakowie.\",\"breadcrumb\":{\"@id\":\"https:\/\/adwokatgb.pl\/de\/abrechnungsformen\/#breadcrumb\"},\"inLanguage\":\"de\",\"potentialAction\":[{\"@type\":\"ReadAction\",\"target\":[\"https:\/\/adwokatgb.pl\/de\/abrechnungsformen\/\"]}]},{\"@type\":\"BreadcrumbList\",\"@id\":\"https:\/\/adwokatgb.pl\/de\/abrechnungsformen\/#breadcrumb\",\"itemListElement\":[{\"@type\":\"ListItem\",\"position\":1,\"name\":\"Strona g\u0142\u00f3wna\",\"item\":\"https:\/\/adwokatgb.pl\/de\/\"},{\"@type\":\"ListItem\",\"position\":2,\"name\":\"Abrechnungsformen\"}]},{\"@type\":\"WebSite\",\"@id\":\"https:\/\/adwokatgb.pl\/de\/#website\",\"url\":\"https:\/\/adwokatgb.pl\/de\/\",\"name\":\"Rechtsanwaltskanzlei | Scheidungen, Familienrecht, Strafrecht, Zivilrecht\",\"description\":\"\",\"potentialAction\":[{\"@type\":\"SearchAction\",\"target\":{\"@type\":\"EntryPoint\",\"urlTemplate\":\"https:\/\/adwokatgb.pl\/de\/?s={search_term_string}\"},\"query-input\":{\"@type\":\"PropertyValueSpecification\",\"valueRequired\":true,\"valueName\":\"search_term_string\"}}],\"inLanguage\":\"de\"}]}<\/script>\n<!-- \/ Yoast SEO plugin. -->","yoast_head_json":{"title":"Abrechnungsformen &#171; Rechtsanwaltskanzlei | Scheidungen, Familienrecht, Strafrecht, Zivilrecht","description":"Porady prawne online to rozwi\u0105zanie dla wszystkich tych, kt\u00f3rzy ceni\u0105 sw\u00f3j czas i pieni\u0105dze. Skorzystaj z naszych us\u0142ug online lub odwied\u017a nas osobi\u015bcie w Krakowie.","robots":{"index":"index","follow":"follow","max-snippet":"max-snippet:-1","max-image-preview":"max-image-preview:large","max-video-preview":"max-video-preview:-1"},"canonical":"https:\/\/adwokatgb.pl\/de\/abrechnungsformen\/","og_locale":"de_DE","og_type":"article","og_title":"Abrechnungsformen &#171; Rechtsanwaltskanzlei | Scheidungen, Familienrecht, Strafrecht, Zivilrecht","og_description":"Porady prawne online to rozwi\u0105zanie dla wszystkich tych, kt\u00f3rzy ceni\u0105 sw\u00f3j czas i pieni\u0105dze. Skorzystaj z naszych us\u0142ug online lub odwied\u017a nas osobi\u015bcie w Krakowie.","og_url":"https:\/\/adwokatgb.pl\/de\/abrechnungsformen\/","og_site_name":"Rechtsanwaltskanzlei | Scheidungen, Familienrecht, Strafrecht, Zivilrecht","article_modified_time":"2020-02-04T23:24:07+00:00","twitter_card":"summary_large_image","twitter_misc":{"Gesch\u00e4tzte Lesezeit":"1\u00a0Minute"},"schema":{"@context":"https:\/\/schema.org","@graph":[{"@type":"WebPage","@id":"https:\/\/adwokatgb.pl\/de\/abrechnungsformen\/","url":"https:\/\/adwokatgb.pl\/de\/abrechnungsformen\/","name":"Abrechnungsformen &#171; Rechtsanwaltskanzlei | Scheidungen, Familienrecht, Strafrecht, Zivilrecht","isPartOf":{"@id":"https:\/\/adwokatgb.pl\/de\/#website"},"datePublished":"2014-04-24T17:40:25+00:00","dateModified":"2020-02-04T23:24:07+00:00","description":"Porady prawne online to rozwi\u0105zanie dla wszystkich tych, kt\u00f3rzy ceni\u0105 sw\u00f3j czas i pieni\u0105dze. Skorzystaj z naszych us\u0142ug online lub odwied\u017a nas osobi\u015bcie w Krakowie.","breadcrumb":{"@id":"https:\/\/adwokatgb.pl\/de\/abrechnungsformen\/#breadcrumb"},"inLanguage":"de","potentialAction":[{"@type":"ReadAction","target":["https:\/\/adwokatgb.pl\/de\/abrechnungsformen\/"]}]},{"@type":"BreadcrumbList","@id":"https:\/\/adwokatgb.pl\/de\/abrechnungsformen\/#breadcrumb","itemListElement":[{"@type":"ListItem","position":1,"name":"Strona g\u0142\u00f3wna","item":"https:\/\/adwokatgb.pl\/de\/"},{"@type":"ListItem","position":2,"name":"Abrechnungsformen"}]},{"@type":"WebSite","@id":"https:\/\/adwokatgb.pl\/de\/#website","url":"https:\/\/adwokatgb.pl\/de\/","name":"Rechtsanwaltskanzlei | Scheidungen, Familienrecht, Strafrecht, Zivilrecht","description":"","potentialAction":[{"@type":"SearchAction","target":{"@type":"EntryPoint","urlTemplate":"https:\/\/adwokatgb.pl\/de\/?s={search_term_string}"},"query-input":{"@type":"PropertyValueSpecification","valueRequired":true,"valueName":"search_term_string"}}],"inLanguage":"de"}]}},"_links":{"self":[{"href":"https:\/\/adwokatgb.pl\/de\/wp-json\/wp\/v2\/pages\/376"}],"collection":[{"href":"https:\/\/adwokatgb.pl\/de\/wp-json\/wp\/v2\/pages"}],"about":[{"href":"https:\/\/adwokatgb.pl\/de\/wp-json\/wp\/v2\/types\/page"}],"author":[{"embeddable":true,"href":"https:\/\/adwokatgb.pl\/de\/wp-json\/wp\/v2\/users\/1"}],"replies":[{"embeddable":true,"href":"https:\/\/adwokatgb.pl\/de\/wp-json\/wp\/v2\/comments?post=376"}],"version-history":[{"count":7,"href":"https:\/\/adwokatgb.pl\/de\/wp-json\/wp\/v2\/pages\/376\/revisions"}],"predecessor-version":[{"id":1219,"href":"https:\/\/adwokatgb.pl\/de\/wp-json\/wp\/v2\/pages\/376\/revisions\/1219"}],"wp:attachment":[{"href":"https:\/\/adwokatgb.pl\/de\/wp-json\/wp\/v2\/media?parent=376"}],"curies":[{"name":"wp","href":"https:\/\/api.w.org\/{rel}","templated":true}]}}