{"id":321,"date":"2014-04-07T16:08:55","date_gmt":"2014-04-07T14:08:55","guid":{"rendered":"http:\/\/adwokatgb.pl\/?page_id=321"},"modified":"2020-02-05T00:23:18","modified_gmt":"2020-02-04T23:23:18","slug":"strafvollzugsrecht","status":"publish","type":"page","link":"https:\/\/adwokatgb.pl\/de\/dienstleistungen\/strafvollzugsrecht\/","title":{"rendered":"Strafvollzugsrecht"},"content":{"rendered":"<p>Wir beraten Sie kompetent und helfen Ihnen im Bereich Strafvollzugsrecht, z.B. Strafaufschub und Unterbrechung der Strafverb\u00fc\u00dfung.<\/p>\n<p><strong>Das Leben eines Menschen ist nicht schwarz-wei\u00df, sondern hat viele Farbt\u00f6ne. Das Recht wurde so gestaltet, dass es dem Menschen hilft und die mildernden Umst\u00e4nde zu ber\u00fccksichtigen. Wann ist der Strafaufschub oder die Unterbrechung der Strafverb\u00fc\u00dfung m\u00f6glich?<\/strong><\/p>\n<p>Wir machen uns gerne vertraut mit Ihrer Angelegenheit und beurteilen fachlich, ob es begr\u00fcndet ist, sich um den Aufschub der noch nicht begonnenen Strafe oder um die Unterbrechung der Strafverb\u00fc\u00dfung.<\/p>\n<p>Falls es (aus gesundheitlichen, famili\u00e4ren oder pers\u00f6nlichen Gr\u00fcnden wie Schwangerschaft, Kinderbetreuung oder Betreuung eines anderen Familienmitglieds, psychische Krankheit oder eine andere schwere Erkrankung, die es unm\u00f6glich macht, eine Strafe im Gef\u00e4ngnis zu verb\u00fc\u00dfen) m\u00f6glich ist, helfen wir Ihnen, entsprechende Dokumente zu sammeln und das Ziel ordnungsgem\u00e4\u00df zu erreichen.<\/p>\n","protected":false},"excerpt":{"rendered":"<p>Wir beraten Sie kompetent und helfen Ihnen im Bereich Strafvollzugsrecht, z.B. Strafaufschub und Unterbrechung der Strafverb\u00fc\u00dfung. Das Leben eines Menschen ist nicht schwarz-wei\u00df, sondern hat viele Farbt\u00f6ne. Das Recht wurde so gestaltet, dass es dem Menschen hilft und die mildernden Umst\u00e4nde zu ber\u00fccksichtigen. Wann ist der Strafaufschub oder die Unterbrechung der Strafverb\u00fc\u00dfung m\u00f6glich? Wir machen [&hellip;]<\/p>\n","protected":false},"author":1,"featured_media":1215,"parent":21,"menu_order":24,"comment_status":"open","ping_status":"closed","template":"view\/uslugi-single.php","meta":{"_acf_changed":false,"footnotes":""},"class_list":["post-321","page","type-page","status-publish","has-post-thumbnail","hentry"],"acf":[],"yoast_head":"<!-- This site is optimized with the Yoast SEO plugin v23.5 - https:\/\/yoast.com\/wordpress\/plugins\/seo\/ -->\n<title>Strafvollzugsrecht &#171; Rechtsanwaltskanzlei | Scheidungen, Familienrecht, Strafrecht, Zivilrecht<\/title>\n<meta name=\"description\" content=\"Kancelaria Adwokacka Krak\u00f3w udziela profesjonalnego wsparcia z zakresu prawa firmom, sp\u00f3\u0142kom i innym podmiotom prawa gospodarczego.\" \/>\n<meta name=\"robots\" content=\"index, follow, max-snippet:-1, max-image-preview:large, max-video-preview:-1\" \/>\n<link rel=\"canonical\" href=\"https:\/\/adwokatgb.pl\/de\/dienstleistungen\/strafvollzugsrecht\/\" \/>\n<meta property=\"og:locale\" content=\"de_DE\" \/>\n<meta property=\"og:type\" content=\"article\" \/>\n<meta property=\"og:title\" content=\"Strafvollzugsrecht &#171; Rechtsanwaltskanzlei | Scheidungen, Familienrecht, Strafrecht, Zivilrecht\" \/>\n<meta property=\"og:description\" content=\"Kancelaria Adwokacka Krak\u00f3w udziela profesjonalnego wsparcia z zakresu prawa firmom, sp\u00f3\u0142kom i innym podmiotom prawa gospodarczego.\" \/>\n<meta property=\"og:url\" content=\"https:\/\/adwokatgb.pl\/de\/dienstleistungen\/strafvollzugsrecht\/\" \/>\n<meta property=\"og:site_name\" content=\"Rechtsanwaltskanzlei | Scheidungen, Familienrecht, Strafrecht, Zivilrecht\" \/>\n<meta property=\"article:modified_time\" content=\"2020-02-04T23:23:18+00:00\" \/>\n<meta property=\"og:image\" content=\"https:\/\/adwokatgb.pl\/de\/wp-content\/uploads\/sites\/2\/2020\/01\/gospodarcze.png\" \/>\n\t<meta property=\"og:image:width\" content=\"188\" \/>\n\t<meta property=\"og:image:height\" content=\"188\" \/>\n\t<meta property=\"og:image:type\" content=\"image\/png\" \/>\n<meta name=\"twitter:card\" content=\"summary_large_image\" \/>\n<meta name=\"twitter:label1\" content=\"Gesch\u00e4tzte Lesezeit\" \/>\n\t<meta name=\"twitter:data1\" content=\"1\u00a0Minute\" \/>\n<script type=\"application\/ld+json\" class=\"yoast-schema-graph\">{\"@context\":\"https:\/\/schema.org\",\"@graph\":[{\"@type\":\"WebPage\",\"@id\":\"https:\/\/adwokatgb.pl\/de\/dienstleistungen\/strafvollzugsrecht\/\",\"url\":\"https:\/\/adwokatgb.pl\/de\/dienstleistungen\/strafvollzugsrecht\/\",\"name\":\"Strafvollzugsrecht &#171; Rechtsanwaltskanzlei | Scheidungen, Familienrecht, Strafrecht, Zivilrecht\",\"isPartOf\":{\"@id\":\"https:\/\/adwokatgb.pl\/de\/#website\"},\"primaryImageOfPage\":{\"@id\":\"https:\/\/adwokatgb.pl\/de\/dienstleistungen\/strafvollzugsrecht\/#primaryimage\"},\"image\":{\"@id\":\"https:\/\/adwokatgb.pl\/de\/dienstleistungen\/strafvollzugsrecht\/#primaryimage\"},\"thumbnailUrl\":\"https:\/\/adwokatgb.pl\/de\/wp-content\/uploads\/sites\/2\/2020\/01\/gospodarcze.png\",\"datePublished\":\"2014-04-07T14:08:55+00:00\",\"dateModified\":\"2020-02-04T23:23:18+00:00\",\"description\":\"Kancelaria Adwokacka Krak\u00f3w udziela profesjonalnego wsparcia z zakresu prawa firmom, sp\u00f3\u0142kom i innym podmiotom prawa gospodarczego.\",\"breadcrumb\":{\"@id\":\"https:\/\/adwokatgb.pl\/de\/dienstleistungen\/strafvollzugsrecht\/#breadcrumb\"},\"inLanguage\":\"de\",\"potentialAction\":[{\"@type\":\"ReadAction\",\"target\":[\"https:\/\/adwokatgb.pl\/de\/dienstleistungen\/strafvollzugsrecht\/\"]}]},{\"@type\":\"ImageObject\",\"inLanguage\":\"de\",\"@id\":\"https:\/\/adwokatgb.pl\/de\/dienstleistungen\/strafvollzugsrecht\/#primaryimage\",\"url\":\"https:\/\/adwokatgb.pl\/de\/wp-content\/uploads\/sites\/2\/2020\/01\/gospodarcze.png\",\"contentUrl\":\"https:\/\/adwokatgb.pl\/de\/wp-content\/uploads\/sites\/2\/2020\/01\/gospodarcze.png\",\"width\":188,\"height\":188},{\"@type\":\"BreadcrumbList\",\"@id\":\"https:\/\/adwokatgb.pl\/de\/dienstleistungen\/strafvollzugsrecht\/#breadcrumb\",\"itemListElement\":[{\"@type\":\"ListItem\",\"position\":1,\"name\":\"Strona g\u0142\u00f3wna\",\"item\":\"https:\/\/adwokatgb.pl\/de\/\"},{\"@type\":\"ListItem\",\"position\":2,\"name\":\"Dienstleistungen\",\"item\":\"https:\/\/adwokatgb.pl\/de\/dienstleistungen\/\"},{\"@type\":\"ListItem\",\"position\":3,\"name\":\"Strafvollzugsrecht\"}]},{\"@type\":\"WebSite\",\"@id\":\"https:\/\/adwokatgb.pl\/de\/#website\",\"url\":\"https:\/\/adwokatgb.pl\/de\/\",\"name\":\"Rechtsanwaltskanzlei | Scheidungen, Familienrecht, Strafrecht, Zivilrecht\",\"description\":\"\",\"potentialAction\":[{\"@type\":\"SearchAction\",\"target\":{\"@type\":\"EntryPoint\",\"urlTemplate\":\"https:\/\/adwokatgb.pl\/de\/?s={search_term_string}\"},\"query-input\":{\"@type\":\"PropertyValueSpecification\",\"valueRequired\":true,\"valueName\":\"search_term_string\"}}],\"inLanguage\":\"de\"}]}<\/script>\n<!-- \/ Yoast SEO plugin. -->","yoast_head_json":{"title":"Strafvollzugsrecht &#171; Rechtsanwaltskanzlei | Scheidungen, Familienrecht, Strafrecht, Zivilrecht","description":"Kancelaria Adwokacka Krak\u00f3w udziela profesjonalnego wsparcia z zakresu prawa firmom, sp\u00f3\u0142kom i innym podmiotom prawa gospodarczego.","robots":{"index":"index","follow":"follow","max-snippet":"max-snippet:-1","max-image-preview":"max-image-preview:large","max-video-preview":"max-video-preview:-1"},"canonical":"https:\/\/adwokatgb.pl\/de\/dienstleistungen\/strafvollzugsrecht\/","og_locale":"de_DE","og_type":"article","og_title":"Strafvollzugsrecht &#171; Rechtsanwaltskanzlei | Scheidungen, Familienrecht, Strafrecht, Zivilrecht","og_description":"Kancelaria Adwokacka Krak\u00f3w udziela profesjonalnego wsparcia z zakresu prawa firmom, sp\u00f3\u0142kom i innym podmiotom prawa gospodarczego.","og_url":"https:\/\/adwokatgb.pl\/de\/dienstleistungen\/strafvollzugsrecht\/","og_site_name":"Rechtsanwaltskanzlei | Scheidungen, Familienrecht, Strafrecht, Zivilrecht","article_modified_time":"2020-02-04T23:23:18+00:00","og_image":[{"width":188,"height":188,"url":"https:\/\/adwokatgb.pl\/de\/wp-content\/uploads\/sites\/2\/2020\/01\/gospodarcze.png","type":"image\/png"}],"twitter_card":"summary_large_image","twitter_misc":{"Gesch\u00e4tzte Lesezeit":"1\u00a0Minute"},"schema":{"@context":"https:\/\/schema.org","@graph":[{"@type":"WebPage","@id":"https:\/\/adwokatgb.pl\/de\/dienstleistungen\/strafvollzugsrecht\/","url":"https:\/\/adwokatgb.pl\/de\/dienstleistungen\/strafvollzugsrecht\/","name":"Strafvollzugsrecht &#171; Rechtsanwaltskanzlei | Scheidungen, Familienrecht, Strafrecht, Zivilrecht","isPartOf":{"@id":"https:\/\/adwokatgb.pl\/de\/#website"},"primaryImageOfPage":{"@id":"https:\/\/adwokatgb.pl\/de\/dienstleistungen\/strafvollzugsrecht\/#primaryimage"},"image":{"@id":"https:\/\/adwokatgb.pl\/de\/dienstleistungen\/strafvollzugsrecht\/#primaryimage"},"thumbnailUrl":"https:\/\/adwokatgb.pl\/de\/wp-content\/uploads\/sites\/2\/2020\/01\/gospodarcze.png","datePublished":"2014-04-07T14:08:55+00:00","dateModified":"2020-02-04T23:23:18+00:00","description":"Kancelaria Adwokacka Krak\u00f3w udziela profesjonalnego wsparcia z zakresu prawa firmom, sp\u00f3\u0142kom i innym podmiotom prawa gospodarczego.","breadcrumb":{"@id":"https:\/\/adwokatgb.pl\/de\/dienstleistungen\/strafvollzugsrecht\/#breadcrumb"},"inLanguage":"de","potentialAction":[{"@type":"ReadAction","target":["https:\/\/adwokatgb.pl\/de\/dienstleistungen\/strafvollzugsrecht\/"]}]},{"@type":"ImageObject","inLanguage":"de","@id":"https:\/\/adwokatgb.pl\/de\/dienstleistungen\/strafvollzugsrecht\/#primaryimage","url":"https:\/\/adwokatgb.pl\/de\/wp-content\/uploads\/sites\/2\/2020\/01\/gospodarcze.png","contentUrl":"https:\/\/adwokatgb.pl\/de\/wp-content\/uploads\/sites\/2\/2020\/01\/gospodarcze.png","width":188,"height":188},{"@type":"BreadcrumbList","@id":"https:\/\/adwokatgb.pl\/de\/dienstleistungen\/strafvollzugsrecht\/#breadcrumb","itemListElement":[{"@type":"ListItem","position":1,"name":"Strona g\u0142\u00f3wna","item":"https:\/\/adwokatgb.pl\/de\/"},{"@type":"ListItem","position":2,"name":"Dienstleistungen","item":"https:\/\/adwokatgb.pl\/de\/dienstleistungen\/"},{"@type":"ListItem","position":3,"name":"Strafvollzugsrecht"}]},{"@type":"WebSite","@id":"https:\/\/adwokatgb.pl\/de\/#website","url":"https:\/\/adwokatgb.pl\/de\/","name":"Rechtsanwaltskanzlei | Scheidungen, Familienrecht, Strafrecht, Zivilrecht","description":"","potentialAction":[{"@type":"SearchAction","target":{"@type":"EntryPoint","urlTemplate":"https:\/\/adwokatgb.pl\/de\/?s={search_term_string}"},"query-input":{"@type":"PropertyValueSpecification","valueRequired":true,"valueName":"search_term_string"}}],"inLanguage":"de"}]}},"_links":{"self":[{"href":"https:\/\/adwokatgb.pl\/de\/wp-json\/wp\/v2\/pages\/321"}],"collection":[{"href":"https:\/\/adwokatgb.pl\/de\/wp-json\/wp\/v2\/pages"}],"about":[{"href":"https:\/\/adwokatgb.pl\/de\/wp-json\/wp\/v2\/types\/page"}],"author":[{"embeddable":true,"href":"https:\/\/adwokatgb.pl\/de\/wp-json\/wp\/v2\/users\/1"}],"replies":[{"embeddable":true,"href":"https:\/\/adwokatgb.pl\/de\/wp-json\/wp\/v2\/comments?post=321"}],"version-history":[{"count":2,"href":"https:\/\/adwokatgb.pl\/de\/wp-json\/wp\/v2\/pages\/321\/revisions"}],"predecessor-version":[{"id":1216,"href":"https:\/\/adwokatgb.pl\/de\/wp-json\/wp\/v2\/pages\/321\/revisions\/1216"}],"up":[{"embeddable":true,"href":"https:\/\/adwokatgb.pl\/de\/wp-json\/wp\/v2\/pages\/21"}],"wp:featuredmedia":[{"embeddable":true,"href":"https:\/\/adwokatgb.pl\/de\/wp-json\/wp\/v2\/media\/1215"}],"wp:attachment":[{"href":"https:\/\/adwokatgb.pl\/de\/wp-json\/wp\/v2\/media?parent=321"}],"curies":[{"name":"wp","href":"https:\/\/api.w.org\/{rel}","templated":true}]}}