{"id":18,"date":"2013-10-22T11:14:42","date_gmt":"2013-10-22T09:14:42","guid":{"rendered":"http:\/\/kbiedrzycki.pl\/klienci\/kancelaria\/wordpress\/?page_id=18"},"modified":"2020-02-05T00:22:56","modified_gmt":"2020-02-04T23:22:56","slug":"uber-diekanzlei","status":"publish","type":"page","link":"https:\/\/adwokatgb.pl\/de\/uber-diekanzlei\/","title":{"rendered":"\u00dcber die Kanzlei"},"content":{"rendered":"<p><strong>Laut dem Gesetz sind wir alle gleich. F\u00fcr unsere Kanzlei ist jeder Kunde gleich wichtig.<\/strong><\/p>\n<p>Da die Kanzlei mit einer Gruppe von Profis zusammenarbeitet (Steuerberater, vereidigte Dolmetscher, vereidigte Buchpr\u00fcfer, Notar), kann sie auch einen vollen Bereich zus\u00e4tzlicher Dienstleistungen anbieten.<\/p>\n","protected":false},"excerpt":{"rendered":"<p>Laut dem Gesetz sind wir alle gleich. F\u00fcr unsere Kanzlei ist jeder Kunde gleich wichtig. Da die Kanzlei mit einer Gruppe von Profis zusammenarbeitet (Steuerberater, vereidigte Dolmetscher, vereidigte Buchpr\u00fcfer, Notar), kann sie auch einen vollen Bereich zus\u00e4tzlicher Dienstleistungen anbieten.<\/p>\n","protected":false},"author":1,"featured_media":167,"parent":0,"menu_order":31,"comment_status":"open","ping_status":"closed","template":"view\/o-kancelarii.php","meta":{"_acf_changed":false,"footnotes":""},"class_list":["post-18","page","type-page","status-publish","has-post-thumbnail","hentry"],"acf":[],"yoast_head":"<!-- This site is optimized with the Yoast SEO plugin v23.5 - https:\/\/yoast.com\/wordpress\/plugins\/seo\/ -->\n<title>\u00dcber die Kanzlei &#171; Rechtsanwaltskanzlei | Scheidungen, Familienrecht, Strafrecht, Zivilrecht<\/title>\n<meta name=\"description\" content=\"Kancelaria Adwokacka Aleksandry Gawin-B\u0142awat powsta\u0142a jako rezultat wieloletniej praktyki prawniczej pani Adwokat, w zakresie wsp\u00f3\u0142pracy z podmiotami gospodarczymi i osobami fizycznymi.\" \/>\n<meta name=\"robots\" content=\"index, follow, max-snippet:-1, max-image-preview:large, max-video-preview:-1\" \/>\n<link rel=\"canonical\" href=\"https:\/\/adwokatgb.pl\/de\/uber-diekanzlei\/\" \/>\n<meta property=\"og:locale\" content=\"de_DE\" \/>\n<meta property=\"og:type\" content=\"article\" \/>\n<meta property=\"og:title\" content=\"\u00dcber die Kanzlei &#171; Rechtsanwaltskanzlei | Scheidungen, Familienrecht, Strafrecht, Zivilrecht\" \/>\n<meta property=\"og:description\" content=\"Kancelaria Adwokacka Aleksandry Gawin-B\u0142awat powsta\u0142a jako rezultat wieloletniej praktyki prawniczej pani Adwokat, w zakresie wsp\u00f3\u0142pracy z podmiotami gospodarczymi i osobami fizycznymi.\" \/>\n<meta property=\"og:url\" content=\"https:\/\/adwokatgb.pl\/de\/uber-diekanzlei\/\" \/>\n<meta property=\"og:site_name\" content=\"Rechtsanwaltskanzlei | Scheidungen, Familienrecht, Strafrecht, Zivilrecht\" \/>\n<meta property=\"article:modified_time\" content=\"2020-02-04T23:22:56+00:00\" \/>\n<meta name=\"twitter:card\" content=\"summary_large_image\" \/>\n<script type=\"application\/ld+json\" class=\"yoast-schema-graph\">{\"@context\":\"https:\/\/schema.org\",\"@graph\":[{\"@type\":\"WebPage\",\"@id\":\"https:\/\/adwokatgb.pl\/de\/uber-diekanzlei\/\",\"url\":\"https:\/\/adwokatgb.pl\/de\/uber-diekanzlei\/\",\"name\":\"\u00dcber die Kanzlei &#171; Rechtsanwaltskanzlei | Scheidungen, Familienrecht, Strafrecht, Zivilrecht\",\"isPartOf\":{\"@id\":\"https:\/\/adwokatgb.pl\/de\/#website\"},\"primaryImageOfPage\":{\"@id\":\"https:\/\/adwokatgb.pl\/de\/uber-diekanzlei\/#primaryimage\"},\"image\":{\"@id\":\"https:\/\/adwokatgb.pl\/de\/uber-diekanzlei\/#primaryimage\"},\"thumbnailUrl\":\"\",\"datePublished\":\"2013-10-22T09:14:42+00:00\",\"dateModified\":\"2020-02-04T23:22:56+00:00\",\"description\":\"Kancelaria Adwokacka Aleksandry Gawin-B\u0142awat powsta\u0142a jako rezultat wieloletniej praktyki prawniczej pani Adwokat, w zakresie wsp\u00f3\u0142pracy z podmiotami gospodarczymi i osobami fizycznymi.\",\"breadcrumb\":{\"@id\":\"https:\/\/adwokatgb.pl\/de\/uber-diekanzlei\/#breadcrumb\"},\"inLanguage\":\"de\",\"potentialAction\":[{\"@type\":\"ReadAction\",\"target\":[\"https:\/\/adwokatgb.pl\/de\/uber-diekanzlei\/\"]}]},{\"@type\":\"ImageObject\",\"inLanguage\":\"de\",\"@id\":\"https:\/\/adwokatgb.pl\/de\/uber-diekanzlei\/#primaryimage\",\"url\":\"\",\"contentUrl\":\"\"},{\"@type\":\"BreadcrumbList\",\"@id\":\"https:\/\/adwokatgb.pl\/de\/uber-diekanzlei\/#breadcrumb\",\"itemListElement\":[{\"@type\":\"ListItem\",\"position\":1,\"name\":\"Strona g\u0142\u00f3wna\",\"item\":\"https:\/\/adwokatgb.pl\/de\/\"},{\"@type\":\"ListItem\",\"position\":2,\"name\":\"\u00dcber die Kanzlei\"}]},{\"@type\":\"WebSite\",\"@id\":\"https:\/\/adwokatgb.pl\/de\/#website\",\"url\":\"https:\/\/adwokatgb.pl\/de\/\",\"name\":\"Rechtsanwaltskanzlei | Scheidungen, Familienrecht, Strafrecht, Zivilrecht\",\"description\":\"\",\"potentialAction\":[{\"@type\":\"SearchAction\",\"target\":{\"@type\":\"EntryPoint\",\"urlTemplate\":\"https:\/\/adwokatgb.pl\/de\/?s={search_term_string}\"},\"query-input\":{\"@type\":\"PropertyValueSpecification\",\"valueRequired\":true,\"valueName\":\"search_term_string\"}}],\"inLanguage\":\"de\"}]}<\/script>\n<!-- \/ Yoast SEO plugin. -->","yoast_head_json":{"title":"\u00dcber die Kanzlei &#171; Rechtsanwaltskanzlei | Scheidungen, Familienrecht, Strafrecht, Zivilrecht","description":"Kancelaria Adwokacka Aleksandry Gawin-B\u0142awat powsta\u0142a jako rezultat wieloletniej praktyki prawniczej pani Adwokat, w zakresie wsp\u00f3\u0142pracy z podmiotami gospodarczymi i osobami fizycznymi.","robots":{"index":"index","follow":"follow","max-snippet":"max-snippet:-1","max-image-preview":"max-image-preview:large","max-video-preview":"max-video-preview:-1"},"canonical":"https:\/\/adwokatgb.pl\/de\/uber-diekanzlei\/","og_locale":"de_DE","og_type":"article","og_title":"\u00dcber die Kanzlei &#171; Rechtsanwaltskanzlei | Scheidungen, Familienrecht, Strafrecht, Zivilrecht","og_description":"Kancelaria Adwokacka Aleksandry Gawin-B\u0142awat powsta\u0142a jako rezultat wieloletniej praktyki prawniczej pani Adwokat, w zakresie wsp\u00f3\u0142pracy z podmiotami gospodarczymi i osobami fizycznymi.","og_url":"https:\/\/adwokatgb.pl\/de\/uber-diekanzlei\/","og_site_name":"Rechtsanwaltskanzlei | Scheidungen, Familienrecht, Strafrecht, Zivilrecht","article_modified_time":"2020-02-04T23:22:56+00:00","twitter_card":"summary_large_image","schema":{"@context":"https:\/\/schema.org","@graph":[{"@type":"WebPage","@id":"https:\/\/adwokatgb.pl\/de\/uber-diekanzlei\/","url":"https:\/\/adwokatgb.pl\/de\/uber-diekanzlei\/","name":"\u00dcber die Kanzlei &#171; Rechtsanwaltskanzlei | Scheidungen, Familienrecht, Strafrecht, Zivilrecht","isPartOf":{"@id":"https:\/\/adwokatgb.pl\/de\/#website"},"primaryImageOfPage":{"@id":"https:\/\/adwokatgb.pl\/de\/uber-diekanzlei\/#primaryimage"},"image":{"@id":"https:\/\/adwokatgb.pl\/de\/uber-diekanzlei\/#primaryimage"},"thumbnailUrl":"","datePublished":"2013-10-22T09:14:42+00:00","dateModified":"2020-02-04T23:22:56+00:00","description":"Kancelaria Adwokacka Aleksandry Gawin-B\u0142awat powsta\u0142a jako rezultat wieloletniej praktyki prawniczej pani Adwokat, w zakresie wsp\u00f3\u0142pracy z podmiotami gospodarczymi i osobami fizycznymi.","breadcrumb":{"@id":"https:\/\/adwokatgb.pl\/de\/uber-diekanzlei\/#breadcrumb"},"inLanguage":"de","potentialAction":[{"@type":"ReadAction","target":["https:\/\/adwokatgb.pl\/de\/uber-diekanzlei\/"]}]},{"@type":"ImageObject","inLanguage":"de","@id":"https:\/\/adwokatgb.pl\/de\/uber-diekanzlei\/#primaryimage","url":"","contentUrl":""},{"@type":"BreadcrumbList","@id":"https:\/\/adwokatgb.pl\/de\/uber-diekanzlei\/#breadcrumb","itemListElement":[{"@type":"ListItem","position":1,"name":"Strona g\u0142\u00f3wna","item":"https:\/\/adwokatgb.pl\/de\/"},{"@type":"ListItem","position":2,"name":"\u00dcber die Kanzlei"}]},{"@type":"WebSite","@id":"https:\/\/adwokatgb.pl\/de\/#website","url":"https:\/\/adwokatgb.pl\/de\/","name":"Rechtsanwaltskanzlei | Scheidungen, Familienrecht, Strafrecht, Zivilrecht","description":"","potentialAction":[{"@type":"SearchAction","target":{"@type":"EntryPoint","urlTemplate":"https:\/\/adwokatgb.pl\/de\/?s={search_term_string}"},"query-input":{"@type":"PropertyValueSpecification","valueRequired":true,"valueName":"search_term_string"}}],"inLanguage":"de"}]}},"_links":{"self":[{"href":"https:\/\/adwokatgb.pl\/de\/wp-json\/wp\/v2\/pages\/18"}],"collection":[{"href":"https:\/\/adwokatgb.pl\/de\/wp-json\/wp\/v2\/pages"}],"about":[{"href":"https:\/\/adwokatgb.pl\/de\/wp-json\/wp\/v2\/types\/page"}],"author":[{"embeddable":true,"href":"https:\/\/adwokatgb.pl\/de\/wp-json\/wp\/v2\/users\/1"}],"replies":[{"embeddable":true,"href":"https:\/\/adwokatgb.pl\/de\/wp-json\/wp\/v2\/comments?post=18"}],"version-history":[{"count":3,"href":"https:\/\/adwokatgb.pl\/de\/wp-json\/wp\/v2\/pages\/18\/revisions"}],"predecessor-version":[{"id":1217,"href":"https:\/\/adwokatgb.pl\/de\/wp-json\/wp\/v2\/pages\/18\/revisions\/1217"}],"wp:featuredmedia":[{"embeddable":true,"href":"https:\/\/adwokatgb.pl\/de\/wp-json\/"}],"wp:attachment":[{"href":"https:\/\/adwokatgb.pl\/de\/wp-json\/wp\/v2\/media?parent=18"}],"curies":[{"name":"wp","href":"https:\/\/api.w.org\/{rel}","templated":true}]}}