{"id":13,"date":"2013-10-22T10:46:33","date_gmt":"2013-10-22T08:46:33","guid":{"rendered":"http:\/\/kbiedrzycki.pl\/klienci\/kancelaria\/wordpress\/?page_id=13"},"modified":"2020-02-05T00:22:42","modified_gmt":"2020-02-04T23:22:42","slug":"kontakt","status":"publish","type":"page","link":"https:\/\/adwokatgb.pl\/de\/kontakt\/","title":{"rendered":"Kontakt"},"content":{"rendered":"","protected":false},"excerpt":{"rendered":"","protected":false},"author":1,"featured_media":0,"parent":0,"menu_order":32,"comment_status":"open","ping_status":"closed","template":"view\/kontakt.php","meta":{"_acf_changed":false,"footnotes":""},"class_list":["post-13","page","type-page","status-publish","hentry"],"acf":[],"yoast_head":"<!-- This site is optimized with the Yoast SEO plugin v23.5 - https:\/\/yoast.com\/wordpress\/plugins\/seo\/ -->\n<title>Kontakt &#171; Rechtsanwaltskanzlei | Scheidungen, Familienrecht, Strafrecht, Zivilrecht<\/title>\n<meta name=\"description\" content=\"Skontaktuj si\u0119 z nami i dowiedz si\u0119 jak mo\u017cemy rozwi\u0105za\u0107 Twoj\u0105 spraw\u0119. Kancelaria Prawna Aleksandry Gawin-B\u0142awat w Krakowie czeka na Twoje zg\u0142oszenie.\" \/>\n<meta name=\"robots\" content=\"index, follow, max-snippet:-1, max-image-preview:large, max-video-preview:-1\" \/>\n<link rel=\"canonical\" href=\"https:\/\/adwokatgb.pl\/de\/kontakt\/\" \/>\n<meta property=\"og:locale\" content=\"de_DE\" \/>\n<meta property=\"og:type\" content=\"article\" \/>\n<meta property=\"og:title\" content=\"Kontakt &#171; Rechtsanwaltskanzlei | Scheidungen, Familienrecht, Strafrecht, Zivilrecht\" \/>\n<meta property=\"og:description\" content=\"Skontaktuj si\u0119 z nami i dowiedz si\u0119 jak mo\u017cemy rozwi\u0105za\u0107 Twoj\u0105 spraw\u0119. Kancelaria Prawna Aleksandry Gawin-B\u0142awat w Krakowie czeka na Twoje zg\u0142oszenie.\" \/>\n<meta property=\"og:url\" content=\"https:\/\/adwokatgb.pl\/de\/kontakt\/\" \/>\n<meta property=\"og:site_name\" content=\"Rechtsanwaltskanzlei | Scheidungen, Familienrecht, Strafrecht, Zivilrecht\" \/>\n<meta property=\"article:modified_time\" content=\"2020-02-04T23:22:42+00:00\" \/>\n<meta name=\"twitter:card\" content=\"summary_large_image\" \/>\n<script type=\"application\/ld+json\" class=\"yoast-schema-graph\">{\"@context\":\"https:\/\/schema.org\",\"@graph\":[{\"@type\":\"WebPage\",\"@id\":\"https:\/\/adwokatgb.pl\/de\/kontakt\/\",\"url\":\"https:\/\/adwokatgb.pl\/de\/kontakt\/\",\"name\":\"Kontakt &#171; Rechtsanwaltskanzlei | Scheidungen, Familienrecht, Strafrecht, Zivilrecht\",\"isPartOf\":{\"@id\":\"https:\/\/adwokatgb.pl\/de\/#website\"},\"datePublished\":\"2013-10-22T08:46:33+00:00\",\"dateModified\":\"2020-02-04T23:22:42+00:00\",\"description\":\"Skontaktuj si\u0119 z nami i dowiedz si\u0119 jak mo\u017cemy rozwi\u0105za\u0107 Twoj\u0105 spraw\u0119. Kancelaria Prawna Aleksandry Gawin-B\u0142awat w Krakowie czeka na Twoje zg\u0142oszenie.\",\"breadcrumb\":{\"@id\":\"https:\/\/adwokatgb.pl\/de\/kontakt\/#breadcrumb\"},\"inLanguage\":\"de\",\"potentialAction\":[{\"@type\":\"ReadAction\",\"target\":[\"https:\/\/adwokatgb.pl\/de\/kontakt\/\"]}]},{\"@type\":\"BreadcrumbList\",\"@id\":\"https:\/\/adwokatgb.pl\/de\/kontakt\/#breadcrumb\",\"itemListElement\":[{\"@type\":\"ListItem\",\"position\":1,\"name\":\"Strona g\u0142\u00f3wna\",\"item\":\"https:\/\/adwokatgb.pl\/de\/\"},{\"@type\":\"ListItem\",\"position\":2,\"name\":\"Kontakt\"}]},{\"@type\":\"WebSite\",\"@id\":\"https:\/\/adwokatgb.pl\/de\/#website\",\"url\":\"https:\/\/adwokatgb.pl\/de\/\",\"name\":\"Rechtsanwaltskanzlei | Scheidungen, Familienrecht, Strafrecht, Zivilrecht\",\"description\":\"\",\"potentialAction\":[{\"@type\":\"SearchAction\",\"target\":{\"@type\":\"EntryPoint\",\"urlTemplate\":\"https:\/\/adwokatgb.pl\/de\/?s={search_term_string}\"},\"query-input\":{\"@type\":\"PropertyValueSpecification\",\"valueRequired\":true,\"valueName\":\"search_term_string\"}}],\"inLanguage\":\"de\"}]}<\/script>\n<!-- \/ Yoast SEO plugin. -->","yoast_head_json":{"title":"Kontakt &#171; Rechtsanwaltskanzlei | Scheidungen, Familienrecht, Strafrecht, Zivilrecht","description":"Skontaktuj si\u0119 z nami i dowiedz si\u0119 jak mo\u017cemy rozwi\u0105za\u0107 Twoj\u0105 spraw\u0119. Kancelaria Prawna Aleksandry Gawin-B\u0142awat w Krakowie czeka na Twoje zg\u0142oszenie.","robots":{"index":"index","follow":"follow","max-snippet":"max-snippet:-1","max-image-preview":"max-image-preview:large","max-video-preview":"max-video-preview:-1"},"canonical":"https:\/\/adwokatgb.pl\/de\/kontakt\/","og_locale":"de_DE","og_type":"article","og_title":"Kontakt &#171; Rechtsanwaltskanzlei | Scheidungen, Familienrecht, Strafrecht, Zivilrecht","og_description":"Skontaktuj si\u0119 z nami i dowiedz si\u0119 jak mo\u017cemy rozwi\u0105za\u0107 Twoj\u0105 spraw\u0119. Kancelaria Prawna Aleksandry Gawin-B\u0142awat w Krakowie czeka na Twoje zg\u0142oszenie.","og_url":"https:\/\/adwokatgb.pl\/de\/kontakt\/","og_site_name":"Rechtsanwaltskanzlei | Scheidungen, Familienrecht, Strafrecht, Zivilrecht","article_modified_time":"2020-02-04T23:22:42+00:00","twitter_card":"summary_large_image","schema":{"@context":"https:\/\/schema.org","@graph":[{"@type":"WebPage","@id":"https:\/\/adwokatgb.pl\/de\/kontakt\/","url":"https:\/\/adwokatgb.pl\/de\/kontakt\/","name":"Kontakt &#171; Rechtsanwaltskanzlei | Scheidungen, Familienrecht, Strafrecht, Zivilrecht","isPartOf":{"@id":"https:\/\/adwokatgb.pl\/de\/#website"},"datePublished":"2013-10-22T08:46:33+00:00","dateModified":"2020-02-04T23:22:42+00:00","description":"Skontaktuj si\u0119 z nami i dowiedz si\u0119 jak mo\u017cemy rozwi\u0105za\u0107 Twoj\u0105 spraw\u0119. Kancelaria Prawna Aleksandry Gawin-B\u0142awat w Krakowie czeka na Twoje zg\u0142oszenie.","breadcrumb":{"@id":"https:\/\/adwokatgb.pl\/de\/kontakt\/#breadcrumb"},"inLanguage":"de","potentialAction":[{"@type":"ReadAction","target":["https:\/\/adwokatgb.pl\/de\/kontakt\/"]}]},{"@type":"BreadcrumbList","@id":"https:\/\/adwokatgb.pl\/de\/kontakt\/#breadcrumb","itemListElement":[{"@type":"ListItem","position":1,"name":"Strona g\u0142\u00f3wna","item":"https:\/\/adwokatgb.pl\/de\/"},{"@type":"ListItem","position":2,"name":"Kontakt"}]},{"@type":"WebSite","@id":"https:\/\/adwokatgb.pl\/de\/#website","url":"https:\/\/adwokatgb.pl\/de\/","name":"Rechtsanwaltskanzlei | Scheidungen, Familienrecht, Strafrecht, Zivilrecht","description":"","potentialAction":[{"@type":"SearchAction","target":{"@type":"EntryPoint","urlTemplate":"https:\/\/adwokatgb.pl\/de\/?s={search_term_string}"},"query-input":{"@type":"PropertyValueSpecification","valueRequired":true,"valueName":"search_term_string"}}],"inLanguage":"de"}]}},"_links":{"self":[{"href":"https:\/\/adwokatgb.pl\/de\/wp-json\/wp\/v2\/pages\/13"}],"collection":[{"href":"https:\/\/adwokatgb.pl\/de\/wp-json\/wp\/v2\/pages"}],"about":[{"href":"https:\/\/adwokatgb.pl\/de\/wp-json\/wp\/v2\/types\/page"}],"author":[{"embeddable":true,"href":"https:\/\/adwokatgb.pl\/de\/wp-json\/wp\/v2\/users\/1"}],"replies":[{"embeddable":true,"href":"https:\/\/adwokatgb.pl\/de\/wp-json\/wp\/v2\/comments?post=13"}],"version-history":[{"count":1,"href":"https:\/\/adwokatgb.pl\/de\/wp-json\/wp\/v2\/pages\/13\/revisions"}],"predecessor-version":[{"id":1167,"href":"https:\/\/adwokatgb.pl\/de\/wp-json\/wp\/v2\/pages\/13\/revisions\/1167"}],"wp:attachment":[{"href":"https:\/\/adwokatgb.pl\/de\/wp-json\/wp\/v2\/media?parent=13"}],"curies":[{"name":"wp","href":"https:\/\/api.w.org\/{rel}","templated":true}]}}