{"id":113,"date":"2013-10-22T12:51:52","date_gmt":"2013-10-22T10:51:52","guid":{"rendered":"http:\/\/kbiedrzycki.pl\/klienci\/kancelaria\/wordpress\/?page_id=113"},"modified":"2020-02-05T00:23:49","modified_gmt":"2020-02-04T23:23:49","slug":"familienrecht","status":"publish","type":"page","link":"https:\/\/adwokatgb.pl\/de\/dienstleistungen\/familienrecht\/","title":{"rendered":"Familienrecht"},"content":{"rendered":"<p>Wir leisten Hilfe und besch\u00e4ftigen uns mit rechtlichen Dienstleistungen in folgenden Angelegenheiten: Trennungen, Scheidungen mit und ohne Schuldausspruch, Alimente, elterliche Gewalt, Sorgerecht f\u00fcr ein Kind und Festlegung der Kontakte, Entm\u00fcndigung, Vormundschaft.<\/p>\n<p><strong>Manchmal ist es besser, sich zu trennen als ein ungl\u00fcckliches Leben zu f\u00fchren. Wie sollte man sich so scheiden lassen, dass die Kinder so wenig wie m\u00f6glich darunter leiden? Wie sollte man seine Rechte geltend machen, wenn man an der Zerr\u00fcttung der Ehe nicht schuldig ist?<\/strong><\/p>\n<p>Wir beraten Schritt f\u00fcr Schritt, wie eine Scheidung ohne Schuldausspruch vollzogen werden sollte. Wir verfassen eine Scheidungs- bzw. Trennungsklage, unter Einbeziehung von Sorgerecht und Alimenten. Wir beraten Sie, wie man sich so scheiden lassen sollte, dass Kinder so wenig wie m\u00f6glich darunter leiden. Wir helfen Ihnen ein Abkommen \u00fcber das Sorgerecht f\u00fcr minderj\u00e4hrige Kinder zu verfassen.<\/p>\n<p>Falls Sie sich f\u00fcr eine Scheidung mit Schuldausspruch entscheiden, hilft unsere Rechtsanwaltskanzlei, alle Formalit\u00e4ten zu erledigen \u2013 wir verfassen eine Scheidungsklage mit Schuldausspruch, wir vertreten die Partei vor dem Bezirksgericht in Krakau. Wir beraten, wie man zufriedenstellende Alimente f\u00fcr das Kind oder f\u00fcr sich selbst vom Ehepartner, der ausschlie\u00dflich f\u00fcr die Zerr\u00fcttung der Ehe verantwortlich ist, erlangen kann. Wir f\u00fchren Rechtssachen \u00fcber die Erteilung oder den Entzug des Sorgerechts. Wir sichern Fachberatung in diesen \u00e4u\u00dferst schwierigen Lebensmomenten.<\/p>\n<p>In Situationen, wenn eine uns nahe Person wegen psychischer St\u00f6rungen, einer Geistesschw\u00e4che oder Sucht nicht selber ihre Handlungen ausf\u00fchren kann und einm\u00fcndet werden muss, hilft Ihnen unser Anwalt, einen professionellen Antrag auf Einm\u00fcndung und Vormundschaft zu verfassen. Er wird sich auch ganzheitlich mit Ihrer Angelegenheit befassen.<\/p>\n","protected":false},"excerpt":{"rendered":"<p>Wir leisten Hilfe und besch\u00e4ftigen uns mit rechtlichen Dienstleistungen in folgenden Angelegenheiten: Trennungen, Scheidungen mit und ohne Schuldausspruch, Alimente, elterliche Gewalt, Sorgerecht f\u00fcr ein Kind und Festlegung der Kontakte, Entm\u00fcndigung, Vormundschaft. Manchmal ist es besser, sich zu trennen als ein ungl\u00fcckliches Leben zu f\u00fchren. Wie sollte man sich so scheiden lassen, dass die Kinder so [&hellip;]<\/p>\n","protected":false},"author":1,"featured_media":1207,"parent":21,"menu_order":21,"comment_status":"open","ping_status":"closed","template":"view\/uslugi-single.php","meta":{"_acf_changed":false,"footnotes":""},"class_list":["post-113","page","type-page","status-publish","has-post-thumbnail","hentry"],"acf":[],"yoast_head":"<!-- This site is optimized with the Yoast SEO plugin v23.5 - https:\/\/yoast.com\/wordpress\/plugins\/seo\/ -->\n<title>Familienrecht &#171; Rechtsanwaltskanzlei | Scheidungen, Familienrecht, Strafrecht, Zivilrecht<\/title>\n<meta name=\"description\" content=\"Nasza Kancelaria Prawna oferuje porady prawne i pomoc w za\u0142atwieniu formalno\u015bci w sprawach z zakresu prawa rodzinnego. Nasza siedziba znajduje si\u0119 w Krakowie. Zapraszamy!\" \/>\n<meta name=\"robots\" content=\"index, follow, max-snippet:-1, max-image-preview:large, max-video-preview:-1\" \/>\n<link rel=\"canonical\" href=\"https:\/\/adwokatgb.pl\/de\/dienstleistungen\/familienrecht\/\" \/>\n<meta property=\"og:locale\" content=\"de_DE\" \/>\n<meta property=\"og:type\" content=\"article\" \/>\n<meta property=\"og:title\" content=\"Familienrecht &#171; Rechtsanwaltskanzlei | Scheidungen, Familienrecht, Strafrecht, Zivilrecht\" \/>\n<meta property=\"og:description\" content=\"Nasza Kancelaria Prawna oferuje porady prawne i pomoc w za\u0142atwieniu formalno\u015bci w sprawach z zakresu prawa rodzinnego. Nasza siedziba znajduje si\u0119 w Krakowie. Zapraszamy!\" \/>\n<meta property=\"og:url\" content=\"https:\/\/adwokatgb.pl\/de\/dienstleistungen\/familienrecht\/\" \/>\n<meta property=\"og:site_name\" content=\"Rechtsanwaltskanzlei | Scheidungen, Familienrecht, Strafrecht, Zivilrecht\" \/>\n<meta property=\"article:modified_time\" content=\"2020-02-04T23:23:49+00:00\" \/>\n<meta property=\"og:image\" content=\"https:\/\/adwokatgb.pl\/de\/wp-content\/uploads\/sites\/2\/2020\/01\/rodzinne.png\" \/>\n\t<meta property=\"og:image:width\" content=\"188\" \/>\n\t<meta property=\"og:image:height\" content=\"188\" \/>\n\t<meta property=\"og:image:type\" content=\"image\/png\" \/>\n<meta name=\"twitter:card\" content=\"summary_large_image\" \/>\n<meta name=\"twitter:label1\" content=\"Gesch\u00e4tzte Lesezeit\" \/>\n\t<meta name=\"twitter:data1\" content=\"1\u00a0Minute\" \/>\n<script type=\"application\/ld+json\" class=\"yoast-schema-graph\">{\"@context\":\"https:\/\/schema.org\",\"@graph\":[{\"@type\":\"WebPage\",\"@id\":\"https:\/\/adwokatgb.pl\/de\/dienstleistungen\/familienrecht\/\",\"url\":\"https:\/\/adwokatgb.pl\/de\/dienstleistungen\/familienrecht\/\",\"name\":\"Familienrecht &#171; Rechtsanwaltskanzlei | Scheidungen, Familienrecht, Strafrecht, Zivilrecht\",\"isPartOf\":{\"@id\":\"https:\/\/adwokatgb.pl\/de\/#website\"},\"primaryImageOfPage\":{\"@id\":\"https:\/\/adwokatgb.pl\/de\/dienstleistungen\/familienrecht\/#primaryimage\"},\"image\":{\"@id\":\"https:\/\/adwokatgb.pl\/de\/dienstleistungen\/familienrecht\/#primaryimage\"},\"thumbnailUrl\":\"https:\/\/adwokatgb.pl\/de\/wp-content\/uploads\/sites\/2\/2020\/01\/rodzinne.png\",\"datePublished\":\"2013-10-22T10:51:52+00:00\",\"dateModified\":\"2020-02-04T23:23:49+00:00\",\"description\":\"Nasza Kancelaria Prawna oferuje porady prawne i pomoc w za\u0142atwieniu formalno\u015bci w sprawach z zakresu prawa rodzinnego. Nasza siedziba znajduje si\u0119 w Krakowie. Zapraszamy!\",\"breadcrumb\":{\"@id\":\"https:\/\/adwokatgb.pl\/de\/dienstleistungen\/familienrecht\/#breadcrumb\"},\"inLanguage\":\"de\",\"potentialAction\":[{\"@type\":\"ReadAction\",\"target\":[\"https:\/\/adwokatgb.pl\/de\/dienstleistungen\/familienrecht\/\"]}]},{\"@type\":\"ImageObject\",\"inLanguage\":\"de\",\"@id\":\"https:\/\/adwokatgb.pl\/de\/dienstleistungen\/familienrecht\/#primaryimage\",\"url\":\"https:\/\/adwokatgb.pl\/de\/wp-content\/uploads\/sites\/2\/2020\/01\/rodzinne.png\",\"contentUrl\":\"https:\/\/adwokatgb.pl\/de\/wp-content\/uploads\/sites\/2\/2020\/01\/rodzinne.png\",\"width\":188,\"height\":188},{\"@type\":\"BreadcrumbList\",\"@id\":\"https:\/\/adwokatgb.pl\/de\/dienstleistungen\/familienrecht\/#breadcrumb\",\"itemListElement\":[{\"@type\":\"ListItem\",\"position\":1,\"name\":\"Strona g\u0142\u00f3wna\",\"item\":\"https:\/\/adwokatgb.pl\/de\/\"},{\"@type\":\"ListItem\",\"position\":2,\"name\":\"Dienstleistungen\",\"item\":\"https:\/\/adwokatgb.pl\/de\/dienstleistungen\/\"},{\"@type\":\"ListItem\",\"position\":3,\"name\":\"Familienrecht\"}]},{\"@type\":\"WebSite\",\"@id\":\"https:\/\/adwokatgb.pl\/de\/#website\",\"url\":\"https:\/\/adwokatgb.pl\/de\/\",\"name\":\"Rechtsanwaltskanzlei | Scheidungen, Familienrecht, Strafrecht, Zivilrecht\",\"description\":\"\",\"potentialAction\":[{\"@type\":\"SearchAction\",\"target\":{\"@type\":\"EntryPoint\",\"urlTemplate\":\"https:\/\/adwokatgb.pl\/de\/?s={search_term_string}\"},\"query-input\":{\"@type\":\"PropertyValueSpecification\",\"valueRequired\":true,\"valueName\":\"search_term_string\"}}],\"inLanguage\":\"de\"}]}<\/script>\n<!-- \/ Yoast SEO plugin. -->","yoast_head_json":{"title":"Familienrecht &#171; Rechtsanwaltskanzlei | Scheidungen, Familienrecht, Strafrecht, Zivilrecht","description":"Nasza Kancelaria Prawna oferuje porady prawne i pomoc w za\u0142atwieniu formalno\u015bci w sprawach z zakresu prawa rodzinnego. Nasza siedziba znajduje si\u0119 w Krakowie. Zapraszamy!","robots":{"index":"index","follow":"follow","max-snippet":"max-snippet:-1","max-image-preview":"max-image-preview:large","max-video-preview":"max-video-preview:-1"},"canonical":"https:\/\/adwokatgb.pl\/de\/dienstleistungen\/familienrecht\/","og_locale":"de_DE","og_type":"article","og_title":"Familienrecht &#171; Rechtsanwaltskanzlei | Scheidungen, Familienrecht, Strafrecht, Zivilrecht","og_description":"Nasza Kancelaria Prawna oferuje porady prawne i pomoc w za\u0142atwieniu formalno\u015bci w sprawach z zakresu prawa rodzinnego. Nasza siedziba znajduje si\u0119 w Krakowie. Zapraszamy!","og_url":"https:\/\/adwokatgb.pl\/de\/dienstleistungen\/familienrecht\/","og_site_name":"Rechtsanwaltskanzlei | Scheidungen, Familienrecht, Strafrecht, Zivilrecht","article_modified_time":"2020-02-04T23:23:49+00:00","og_image":[{"width":188,"height":188,"url":"https:\/\/adwokatgb.pl\/de\/wp-content\/uploads\/sites\/2\/2020\/01\/rodzinne.png","type":"image\/png"}],"twitter_card":"summary_large_image","twitter_misc":{"Gesch\u00e4tzte Lesezeit":"1\u00a0Minute"},"schema":{"@context":"https:\/\/schema.org","@graph":[{"@type":"WebPage","@id":"https:\/\/adwokatgb.pl\/de\/dienstleistungen\/familienrecht\/","url":"https:\/\/adwokatgb.pl\/de\/dienstleistungen\/familienrecht\/","name":"Familienrecht &#171; Rechtsanwaltskanzlei | Scheidungen, Familienrecht, Strafrecht, Zivilrecht","isPartOf":{"@id":"https:\/\/adwokatgb.pl\/de\/#website"},"primaryImageOfPage":{"@id":"https:\/\/adwokatgb.pl\/de\/dienstleistungen\/familienrecht\/#primaryimage"},"image":{"@id":"https:\/\/adwokatgb.pl\/de\/dienstleistungen\/familienrecht\/#primaryimage"},"thumbnailUrl":"https:\/\/adwokatgb.pl\/de\/wp-content\/uploads\/sites\/2\/2020\/01\/rodzinne.png","datePublished":"2013-10-22T10:51:52+00:00","dateModified":"2020-02-04T23:23:49+00:00","description":"Nasza Kancelaria Prawna oferuje porady prawne i pomoc w za\u0142atwieniu formalno\u015bci w sprawach z zakresu prawa rodzinnego. Nasza siedziba znajduje si\u0119 w Krakowie. Zapraszamy!","breadcrumb":{"@id":"https:\/\/adwokatgb.pl\/de\/dienstleistungen\/familienrecht\/#breadcrumb"},"inLanguage":"de","potentialAction":[{"@type":"ReadAction","target":["https:\/\/adwokatgb.pl\/de\/dienstleistungen\/familienrecht\/"]}]},{"@type":"ImageObject","inLanguage":"de","@id":"https:\/\/adwokatgb.pl\/de\/dienstleistungen\/familienrecht\/#primaryimage","url":"https:\/\/adwokatgb.pl\/de\/wp-content\/uploads\/sites\/2\/2020\/01\/rodzinne.png","contentUrl":"https:\/\/adwokatgb.pl\/de\/wp-content\/uploads\/sites\/2\/2020\/01\/rodzinne.png","width":188,"height":188},{"@type":"BreadcrumbList","@id":"https:\/\/adwokatgb.pl\/de\/dienstleistungen\/familienrecht\/#breadcrumb","itemListElement":[{"@type":"ListItem","position":1,"name":"Strona g\u0142\u00f3wna","item":"https:\/\/adwokatgb.pl\/de\/"},{"@type":"ListItem","position":2,"name":"Dienstleistungen","item":"https:\/\/adwokatgb.pl\/de\/dienstleistungen\/"},{"@type":"ListItem","position":3,"name":"Familienrecht"}]},{"@type":"WebSite","@id":"https:\/\/adwokatgb.pl\/de\/#website","url":"https:\/\/adwokatgb.pl\/de\/","name":"Rechtsanwaltskanzlei | Scheidungen, Familienrecht, Strafrecht, Zivilrecht","description":"","potentialAction":[{"@type":"SearchAction","target":{"@type":"EntryPoint","urlTemplate":"https:\/\/adwokatgb.pl\/de\/?s={search_term_string}"},"query-input":{"@type":"PropertyValueSpecification","valueRequired":true,"valueName":"search_term_string"}}],"inLanguage":"de"}]}},"_links":{"self":[{"href":"https:\/\/adwokatgb.pl\/de\/wp-json\/wp\/v2\/pages\/113"}],"collection":[{"href":"https:\/\/adwokatgb.pl\/de\/wp-json\/wp\/v2\/pages"}],"about":[{"href":"https:\/\/adwokatgb.pl\/de\/wp-json\/wp\/v2\/types\/page"}],"author":[{"embeddable":true,"href":"https:\/\/adwokatgb.pl\/de\/wp-json\/wp\/v2\/users\/1"}],"replies":[{"embeddable":true,"href":"https:\/\/adwokatgb.pl\/de\/wp-json\/wp\/v2\/comments?post=113"}],"version-history":[{"count":3,"href":"https:\/\/adwokatgb.pl\/de\/wp-json\/wp\/v2\/pages\/113\/revisions"}],"predecessor-version":[{"id":1210,"href":"https:\/\/adwokatgb.pl\/de\/wp-json\/wp\/v2\/pages\/113\/revisions\/1210"}],"up":[{"embeddable":true,"href":"https:\/\/adwokatgb.pl\/de\/wp-json\/wp\/v2\/pages\/21"}],"wp:featuredmedia":[{"embeddable":true,"href":"https:\/\/adwokatgb.pl\/de\/wp-json\/wp\/v2\/media\/1207"}],"wp:attachment":[{"href":"https:\/\/adwokatgb.pl\/de\/wp-json\/wp\/v2\/media?parent=113"}],"curies":[{"name":"wp","href":"https:\/\/api.w.org\/{rel}","templated":true}]}}