{"id":111,"date":"2013-10-22T12:50:11","date_gmt":"2013-10-22T10:50:11","guid":{"rendered":"http:\/\/kbiedrzycki.pl\/klienci\/kancelaria\/wordpress\/?page_id=111"},"modified":"2020-02-05T00:23:38","modified_gmt":"2020-02-04T23:23:38","slug":"zivilrecht","status":"publish","type":"page","link":"https:\/\/adwokatgb.pl\/de\/dienstleistungen\/zivilrecht\/","title":{"rendered":"Zivilrecht"},"content":{"rendered":"<p>Wir besch\u00e4ftigen uns mit Rechtsberatung und helfen bei Formalit\u00e4ten in folgenden Angelegenheiten aus dem Bereich Zivilrecht: Eintreibung von Forderungen (Anspr\u00fcche, Schulden), zivil-rechtliche Vertr\u00e4ge und Handelsvertr\u00e4ge, Geltendmachung von Vertragsanspr\u00fcchen, Erbrecht, Recht der Wohnraumbewirtschaftung (Immobilieneigentum, Ersitzungsangelegenheiten, Hypothek, Geltendmachung von Anspr\u00fcchen aus B\u00fcrgschaften), Verbraucherrecht (Geltendmachung von Garantieanspr\u00fcchen oder Anspr\u00fcchen auf nicht vertragsgem\u00e4\u00dfe Ware).<\/p>\n<p><strong>Die meisten von uns bilden und gestalten selbst\u00e4ndig positive Verh\u00e4ltnisse unter sich, sowohl menschliche als auch gesch\u00e4ftliche. Was sollte man machen, wenn es zu Streitigkeiten kommt? Wie sollten wir von anderen fordern, dass sie gem\u00e4\u00df den unterzeichneten Vertr\u00e4gen handeln? Wie sollten wir Anspr\u00fcche auf Entsch\u00e4digung und Genugtuung geltend machen?<\/strong><\/p>\n<p>Wir helfen denjenigen, die Probleme haben, ihre Anspr\u00fcche geltend zu machen und ihre Schulden einzutreiben. Wir handeln ganzheitlich \u2013 von Schriften an den Schuldner (au\u00dfergerichtliche Geltendmachung f\u00e4lliger Forderungen) \u00fcber die Beratung entsprechender rechtlicher Schritte bis zur Teilnahme am Vollstreckungsverfahren (Vertretung des Gl\u00e4ubigers vorm Gericht).<\/p>\n<p>Wir formulieren und verhandeln Vertr\u00e4ge (auch Handelsvertr\u00e4ge), wir verfassen Klageschriften und Antr\u00e4ge, rechtliche Gutachten und Expertisen aus dem Bereich des Zivilrechts.<\/p>\n<p>Wir besch\u00e4ftigen uns auch mit Rechtsberatung aus dem Bereich Erbrecht. Wir formulieren Leistungen und Antr\u00e4ge, die mit gesetzlicher oder testamentarischer Erbfolge verbunden sind. Wir beraten, wie man ein Testament, einen Vertrag \u00fcber die Ausschlagung der Erbschaft oder die Enterbung, einen Schenkungsvertrag formulieren sollte. Wir beantworten die sch\u00fcrfende Frage \u2013 bezahlen Sie daf\u00fcr eine Steuer?<\/p>\n<p>Wir besch\u00e4ftigen uns mit Dienstleistungen aus dem Bereich Recht der Wohnraumbewirtschaftung. Wir nehmen an Streitigkeiten teil, die sich auf das Immobilieneigentum, Vermietung, Zwangsr\u00e4umung beziehen. Wir helfen bei der Bestimmung von Ersitzungen und erkl\u00e4ren unseren Kunden genau alle Angelegenheiten, die mit Hypothek und Grundb\u00fcchern verbunden sind. Wir helfen, die aus B\u00fcrgschaften kommenden Anspr\u00fcche geltend zu machen, falls Sie versteckte M\u00e4ngel in der erlangten Immobilie feststellen.<\/p>\n<p>Falls Sie Probleme mit einem unehrlichen Verk\u00e4ufer haben, beraten wir Sie, wie Sie ihn zwingen k\u00f6nnen, die Garantiebestimmungen einzuhalten oder das Bargeld f\u00fcr eine mangelhafte oder nicht vertragsgem\u00e4\u00dfe Ware zur\u00fcckzugeben.<\/p>\n<p>Wir erledigen f\u00fcr Sie alle Formalit\u00e4ten, weisen Ihnen das zust\u00e4ndige Gericht, wir bem\u00fchen uns stark, damit Sie Ihr Ziel erreichen k\u00f6nnen.<\/p>\n","protected":false},"excerpt":{"rendered":"<p>Wir besch\u00e4ftigen uns mit Rechtsberatung und helfen bei Formalit\u00e4ten in folgenden Angelegenheiten aus dem Bereich Zivilrecht: Eintreibung von Forderungen (Anspr\u00fcche, Schulden), zivil-rechtliche Vertr\u00e4ge und Handelsvertr\u00e4ge, Geltendmachung von Vertragsanspr\u00fcchen, Erbrecht, Recht der Wohnraumbewirtschaftung (Immobilieneigentum, Ersitzungsangelegenheiten, Hypothek, Geltendmachung von Anspr\u00fcchen aus B\u00fcrgschaften), Verbraucherrecht (Geltendmachung von Garantieanspr\u00fcchen oder Anspr\u00fcchen auf nicht vertragsgem\u00e4\u00dfe Ware). Die meisten von uns bilden [&hellip;]<\/p>\n","protected":false},"author":1,"featured_media":1208,"parent":21,"menu_order":22,"comment_status":"open","ping_status":"closed","template":"view\/uslugi-single.php","meta":{"_acf_changed":false,"footnotes":""},"class_list":["post-111","page","type-page","status-publish","has-post-thumbnail","hentry"],"acf":[],"yoast_head":"<!-- This site is optimized with the Yoast SEO plugin v23.5 - https:\/\/yoast.com\/wordpress\/plugins\/seo\/ -->\n<title>Zivilrecht &#171; Rechtsanwaltskanzlei | Scheidungen, Familienrecht, Strafrecht, Zivilrecht<\/title>\n<meta name=\"description\" content=\"Udzielamy porad prawnych oraz pomagamy w za\u0142atwieniu formalno\u015bci w sprawach z zakresu prawa cywilnego. Odwied\u017a nasz\u0105 Kancelari\u0119 Adwokack\u0105 w Krakowie!\" \/>\n<meta name=\"robots\" content=\"index, follow, max-snippet:-1, max-image-preview:large, max-video-preview:-1\" \/>\n<link rel=\"canonical\" href=\"https:\/\/adwokatgb.pl\/de\/dienstleistungen\/zivilrecht\/\" \/>\n<meta property=\"og:locale\" content=\"de_DE\" \/>\n<meta property=\"og:type\" content=\"article\" \/>\n<meta property=\"og:title\" content=\"Zivilrecht &#171; Rechtsanwaltskanzlei | Scheidungen, Familienrecht, Strafrecht, Zivilrecht\" \/>\n<meta property=\"og:description\" content=\"Udzielamy porad prawnych oraz pomagamy w za\u0142atwieniu formalno\u015bci w sprawach z zakresu prawa cywilnego. Odwied\u017a nasz\u0105 Kancelari\u0119 Adwokack\u0105 w Krakowie!\" \/>\n<meta property=\"og:url\" content=\"https:\/\/adwokatgb.pl\/de\/dienstleistungen\/zivilrecht\/\" \/>\n<meta property=\"og:site_name\" content=\"Rechtsanwaltskanzlei | Scheidungen, Familienrecht, Strafrecht, Zivilrecht\" \/>\n<meta property=\"article:modified_time\" content=\"2020-02-04T23:23:38+00:00\" \/>\n<meta property=\"og:image\" content=\"https:\/\/adwokatgb.pl\/de\/wp-content\/uploads\/sites\/2\/2020\/01\/cywilne.png\" \/>\n\t<meta property=\"og:image:width\" content=\"188\" \/>\n\t<meta property=\"og:image:height\" content=\"188\" \/>\n\t<meta property=\"og:image:type\" content=\"image\/png\" \/>\n<meta name=\"twitter:card\" content=\"summary_large_image\" \/>\n<meta name=\"twitter:label1\" content=\"Gesch\u00e4tzte Lesezeit\" \/>\n\t<meta name=\"twitter:data1\" content=\"2\u00a0Minuten\" \/>\n<script type=\"application\/ld+json\" class=\"yoast-schema-graph\">{\"@context\":\"https:\/\/schema.org\",\"@graph\":[{\"@type\":\"WebPage\",\"@id\":\"https:\/\/adwokatgb.pl\/de\/dienstleistungen\/zivilrecht\/\",\"url\":\"https:\/\/adwokatgb.pl\/de\/dienstleistungen\/zivilrecht\/\",\"name\":\"Zivilrecht &#171; Rechtsanwaltskanzlei | Scheidungen, Familienrecht, Strafrecht, Zivilrecht\",\"isPartOf\":{\"@id\":\"https:\/\/adwokatgb.pl\/de\/#website\"},\"primaryImageOfPage\":{\"@id\":\"https:\/\/adwokatgb.pl\/de\/dienstleistungen\/zivilrecht\/#primaryimage\"},\"image\":{\"@id\":\"https:\/\/adwokatgb.pl\/de\/dienstleistungen\/zivilrecht\/#primaryimage\"},\"thumbnailUrl\":\"https:\/\/adwokatgb.pl\/de\/wp-content\/uploads\/sites\/2\/2020\/01\/cywilne.png\",\"datePublished\":\"2013-10-22T10:50:11+00:00\",\"dateModified\":\"2020-02-04T23:23:38+00:00\",\"description\":\"Udzielamy porad prawnych oraz pomagamy w za\u0142atwieniu formalno\u015bci w sprawach z zakresu prawa cywilnego. Odwied\u017a nasz\u0105 Kancelari\u0119 Adwokack\u0105 w Krakowie!\",\"breadcrumb\":{\"@id\":\"https:\/\/adwokatgb.pl\/de\/dienstleistungen\/zivilrecht\/#breadcrumb\"},\"inLanguage\":\"de\",\"potentialAction\":[{\"@type\":\"ReadAction\",\"target\":[\"https:\/\/adwokatgb.pl\/de\/dienstleistungen\/zivilrecht\/\"]}]},{\"@type\":\"ImageObject\",\"inLanguage\":\"de\",\"@id\":\"https:\/\/adwokatgb.pl\/de\/dienstleistungen\/zivilrecht\/#primaryimage\",\"url\":\"https:\/\/adwokatgb.pl\/de\/wp-content\/uploads\/sites\/2\/2020\/01\/cywilne.png\",\"contentUrl\":\"https:\/\/adwokatgb.pl\/de\/wp-content\/uploads\/sites\/2\/2020\/01\/cywilne.png\",\"width\":188,\"height\":188},{\"@type\":\"BreadcrumbList\",\"@id\":\"https:\/\/adwokatgb.pl\/de\/dienstleistungen\/zivilrecht\/#breadcrumb\",\"itemListElement\":[{\"@type\":\"ListItem\",\"position\":1,\"name\":\"Strona g\u0142\u00f3wna\",\"item\":\"https:\/\/adwokatgb.pl\/de\/\"},{\"@type\":\"ListItem\",\"position\":2,\"name\":\"Dienstleistungen\",\"item\":\"https:\/\/adwokatgb.pl\/de\/dienstleistungen\/\"},{\"@type\":\"ListItem\",\"position\":3,\"name\":\"Zivilrecht\"}]},{\"@type\":\"WebSite\",\"@id\":\"https:\/\/adwokatgb.pl\/de\/#website\",\"url\":\"https:\/\/adwokatgb.pl\/de\/\",\"name\":\"Rechtsanwaltskanzlei | Scheidungen, Familienrecht, Strafrecht, Zivilrecht\",\"description\":\"\",\"potentialAction\":[{\"@type\":\"SearchAction\",\"target\":{\"@type\":\"EntryPoint\",\"urlTemplate\":\"https:\/\/adwokatgb.pl\/de\/?s={search_term_string}\"},\"query-input\":{\"@type\":\"PropertyValueSpecification\",\"valueRequired\":true,\"valueName\":\"search_term_string\"}}],\"inLanguage\":\"de\"}]}<\/script>\n<!-- \/ Yoast SEO plugin. -->","yoast_head_json":{"title":"Zivilrecht &#171; Rechtsanwaltskanzlei | Scheidungen, Familienrecht, Strafrecht, Zivilrecht","description":"Udzielamy porad prawnych oraz pomagamy w za\u0142atwieniu formalno\u015bci w sprawach z zakresu prawa cywilnego. Odwied\u017a nasz\u0105 Kancelari\u0119 Adwokack\u0105 w Krakowie!","robots":{"index":"index","follow":"follow","max-snippet":"max-snippet:-1","max-image-preview":"max-image-preview:large","max-video-preview":"max-video-preview:-1"},"canonical":"https:\/\/adwokatgb.pl\/de\/dienstleistungen\/zivilrecht\/","og_locale":"de_DE","og_type":"article","og_title":"Zivilrecht &#171; Rechtsanwaltskanzlei | Scheidungen, Familienrecht, Strafrecht, Zivilrecht","og_description":"Udzielamy porad prawnych oraz pomagamy w za\u0142atwieniu formalno\u015bci w sprawach z zakresu prawa cywilnego. Odwied\u017a nasz\u0105 Kancelari\u0119 Adwokack\u0105 w Krakowie!","og_url":"https:\/\/adwokatgb.pl\/de\/dienstleistungen\/zivilrecht\/","og_site_name":"Rechtsanwaltskanzlei | Scheidungen, Familienrecht, Strafrecht, Zivilrecht","article_modified_time":"2020-02-04T23:23:38+00:00","og_image":[{"width":188,"height":188,"url":"https:\/\/adwokatgb.pl\/de\/wp-content\/uploads\/sites\/2\/2020\/01\/cywilne.png","type":"image\/png"}],"twitter_card":"summary_large_image","twitter_misc":{"Gesch\u00e4tzte Lesezeit":"2\u00a0Minuten"},"schema":{"@context":"https:\/\/schema.org","@graph":[{"@type":"WebPage","@id":"https:\/\/adwokatgb.pl\/de\/dienstleistungen\/zivilrecht\/","url":"https:\/\/adwokatgb.pl\/de\/dienstleistungen\/zivilrecht\/","name":"Zivilrecht &#171; Rechtsanwaltskanzlei | Scheidungen, Familienrecht, Strafrecht, Zivilrecht","isPartOf":{"@id":"https:\/\/adwokatgb.pl\/de\/#website"},"primaryImageOfPage":{"@id":"https:\/\/adwokatgb.pl\/de\/dienstleistungen\/zivilrecht\/#primaryimage"},"image":{"@id":"https:\/\/adwokatgb.pl\/de\/dienstleistungen\/zivilrecht\/#primaryimage"},"thumbnailUrl":"https:\/\/adwokatgb.pl\/de\/wp-content\/uploads\/sites\/2\/2020\/01\/cywilne.png","datePublished":"2013-10-22T10:50:11+00:00","dateModified":"2020-02-04T23:23:38+00:00","description":"Udzielamy porad prawnych oraz pomagamy w za\u0142atwieniu formalno\u015bci w sprawach z zakresu prawa cywilnego. Odwied\u017a nasz\u0105 Kancelari\u0119 Adwokack\u0105 w Krakowie!","breadcrumb":{"@id":"https:\/\/adwokatgb.pl\/de\/dienstleistungen\/zivilrecht\/#breadcrumb"},"inLanguage":"de","potentialAction":[{"@type":"ReadAction","target":["https:\/\/adwokatgb.pl\/de\/dienstleistungen\/zivilrecht\/"]}]},{"@type":"ImageObject","inLanguage":"de","@id":"https:\/\/adwokatgb.pl\/de\/dienstleistungen\/zivilrecht\/#primaryimage","url":"https:\/\/adwokatgb.pl\/de\/wp-content\/uploads\/sites\/2\/2020\/01\/cywilne.png","contentUrl":"https:\/\/adwokatgb.pl\/de\/wp-content\/uploads\/sites\/2\/2020\/01\/cywilne.png","width":188,"height":188},{"@type":"BreadcrumbList","@id":"https:\/\/adwokatgb.pl\/de\/dienstleistungen\/zivilrecht\/#breadcrumb","itemListElement":[{"@type":"ListItem","position":1,"name":"Strona g\u0142\u00f3wna","item":"https:\/\/adwokatgb.pl\/de\/"},{"@type":"ListItem","position":2,"name":"Dienstleistungen","item":"https:\/\/adwokatgb.pl\/de\/dienstleistungen\/"},{"@type":"ListItem","position":3,"name":"Zivilrecht"}]},{"@type":"WebSite","@id":"https:\/\/adwokatgb.pl\/de\/#website","url":"https:\/\/adwokatgb.pl\/de\/","name":"Rechtsanwaltskanzlei | Scheidungen, Familienrecht, Strafrecht, Zivilrecht","description":"","potentialAction":[{"@type":"SearchAction","target":{"@type":"EntryPoint","urlTemplate":"https:\/\/adwokatgb.pl\/de\/?s={search_term_string}"},"query-input":{"@type":"PropertyValueSpecification","valueRequired":true,"valueName":"search_term_string"}}],"inLanguage":"de"}]}},"_links":{"self":[{"href":"https:\/\/adwokatgb.pl\/de\/wp-json\/wp\/v2\/pages\/111"}],"collection":[{"href":"https:\/\/adwokatgb.pl\/de\/wp-json\/wp\/v2\/pages"}],"about":[{"href":"https:\/\/adwokatgb.pl\/de\/wp-json\/wp\/v2\/types\/page"}],"author":[{"embeddable":true,"href":"https:\/\/adwokatgb.pl\/de\/wp-json\/wp\/v2\/users\/1"}],"replies":[{"embeddable":true,"href":"https:\/\/adwokatgb.pl\/de\/wp-json\/wp\/v2\/comments?post=111"}],"version-history":[{"count":2,"href":"https:\/\/adwokatgb.pl\/de\/wp-json\/wp\/v2\/pages\/111\/revisions"}],"predecessor-version":[{"id":1209,"href":"https:\/\/adwokatgb.pl\/de\/wp-json\/wp\/v2\/pages\/111\/revisions\/1209"}],"up":[{"embeddable":true,"href":"https:\/\/adwokatgb.pl\/de\/wp-json\/wp\/v2\/pages\/21"}],"wp:featuredmedia":[{"embeddable":true,"href":"https:\/\/adwokatgb.pl\/de\/wp-json\/wp\/v2\/media\/1208"}],"wp:attachment":[{"href":"https:\/\/adwokatgb.pl\/de\/wp-json\/wp\/v2\/media?parent=111"}],"curies":[{"name":"wp","href":"https:\/\/api.w.org\/{rel}","templated":true}]}}